{"id":99,"date":"2015-04-23T12:38:18","date_gmt":"2015-04-23T12:38:18","guid":{"rendered":"https:\/\/xml-io.proteusthemes.com\/cargopress\/?page_id=99"},"modified":"2020-02-06T15:25:58","modified_gmt":"2020-02-06T15:25:58","slug":"cargo","status":"publish","type":"page","link":"https:\/\/www.gonczitrans.hu\/en\/szolgaltatasok\/cargo\/","title":{"rendered":"International and domestic shipping"},"content":{"rendered":"<div id=\"pl-99\"  class=\"panel-layout\" ><div id=\"pg-99-0\"  class=\"panel-grid panel-no-style\" ><div id=\"pgc-99-0-0\"  class=\"panel-grid-cell\" ><div id=\"panel-99-0-0-0\" class=\"so-panel widget widget_sow-editor panel-first-child panel-last-child\" data-index=\"0\" ><div\n\t\t\t\n\t\t\tclass=\"so-widget-sow-editor so-widget-sow-editor-base\"\n\t\t\t\n\t\t>\n<div class=\"siteorigin-widget-tinymce textwidget\">\n\t<div class=\"textwidget\">\n<p>The task of our multi-lingual, flexible and responsible freight forwarding team is to coordinate and handle full, groupage and part truck loads and to keep constant contact with our customers and drivers. Our business site in Sopron lies near the country border between Austria and Hungary, serving as a gateway in freight forwarding between Hungary and Western Europe.<\/p>\n<p>Our aim is to ensure that our customers could safely focus on their daily operations while their freight is en route to its destination and be safe in the knowledge that their cargo would reach the required destination undamaged and on time.<\/p>\n<p><strong><img decoding=\"async\" loading=\"lazy\" class=\"alignnone wp-image-1008 size-medium\" src=\"http:\/\/www.gonczitrans.hu\/wp-content\/uploads\/2019\/05\/gt_3-300x200.jpeg\" alt=\"\" width=\"300\" height=\"200\" srcset=\"https:\/\/www.gonczitrans.hu\/wp-content\/uploads\/2019\/05\/gt_3-300x200.jpeg 300w, https:\/\/www.gonczitrans.hu\/wp-content\/uploads\/2019\/05\/gt_3-272x182.jpeg 272w, https:\/\/www.gonczitrans.hu\/wp-content\/uploads\/2019\/05\/gt_3.jpeg 360w\" sizes=\"(max-width: 300px) 100vw, 300px\" \/> <img decoding=\"async\" loading=\"lazy\" class=\"alignnone wp-image-1007 size-medium\" src=\"http:\/\/www.gonczitrans.hu\/wp-content\/uploads\/2019\/05\/gt_2-300x200.jpeg\" alt=\"\" width=\"300\" height=\"200\" srcset=\"https:\/\/www.gonczitrans.hu\/wp-content\/uploads\/2019\/05\/gt_2-300x200.jpeg 300w, https:\/\/www.gonczitrans.hu\/wp-content\/uploads\/2019\/05\/gt_2-272x182.jpeg 272w, https:\/\/www.gonczitrans.hu\/wp-content\/uploads\/2019\/05\/gt_2.jpeg 360w\" sizes=\"(max-width: 300px) 100vw, 300px\" \/><\/strong><\/p>\n<p><strong>International and domestic shipping<\/strong><\/p>\n<\/div>\n<div class=\"textwidget\">\n<p>All our lorries are fitted with EURO 6 engines and their average age is below three years. The fleet includes lorries with the maximum loaded weight of 24 tons (for 34 pallets); the maximum loaded weight of 12 tons and loading capacity of 4.9 tons (for 21 pallets) and the maximum loaded weight of 3.5 tons and loading capacity of 1.5 t (for 5 pallets), respectively. With our all-risk cargo and liability insurance, both domestically and within in the territory of the European Union, we transport<\/p>\n<ul>\n<li>urgent freight,<\/li>\n<li>hazardous freight (ADR),<\/li>\n<li>high-value goods,<\/li>\n<li>groupage and multi-drop loads,<\/li>\n<li>loads to feed \u2018just-in-time\u2019 manufacturing processes,<\/li>\n<li>site to site,<\/li>\n<li>ADR loads,<\/li>\n<li>expedited loads,<\/li>\n<li>expedited loads<\/li>\n<\/ul>\n<p>and provide stand-by trailer service on a daily basis.<\/p>\n<p>Our regular customers include dominant multinational companies with operations in Western Hungary, who emphasise high quality, accuracy and precision in service. Our special capability is to transport the products of Hungarian-based automotive suppliers to European car manufacturing plants in the framework of the just-in-time (JIT) system.&nbsp;<\/p>\n<p>Starting from 2012, we have strengthened our regional presence by shipping to destinations in countries bordering on Hungary, specifically, in Austria, Slovakia and Slovenia, by serving domestic destinations with full or partial loads or groupage transport.<\/p>\n<p>Our stand-by trailers serve as temporary storage capacities on locations and for periods specified by our customers. This service helps streamline our customers\u2019 internal logistics processes and optimise loading and storage capacities.<\/p>\n<p>We grant our regular customers customised rates and delivery times. Even customers placing ad hoc freight orders are served by their personal freight forwarders until the freight is completed.<\/p>\n<p><strong>Insurance<\/strong><\/p>\n<p>We have Freight Forwarder\u2019s Liability Insurance in place to keep our customers\u2019 harmless, which provides cover for any damage caused by our freight forwarder during the logistics operations. <a href=\"#\">Click on this link to view our policy.<\/a>.<\/p>\n<p><strong>Our damage\/damage-free ratio stands at 0.09%.<\/strong><\/p>\n<\/div>\n<\/div>\n<\/div><\/div><\/div><\/div><\/div>","protected":false},"excerpt":{"rendered":"<p>T\u00f6bb nyelven besz\u00e9l\u0151, rugalmas \u00e9s megb\u00edzhat\u00f3 fuvarszervez\u0151 csapatuk feladata a komplett, gy\u0171jt\u0151fuvarok \u00e9s r\u00e9szrakom\u00e1nyok szervez\u00e9se, koordin\u00e1l\u00e1sa valamint a folyamatos kapcsolattart\u00e1s partnereinkkel \u00e9s g\u00e9pj\u00e1rm\u0171vezet\u0151ikkel. Soproni telephely\u00fck az osztr\u00e1k-magyar hat\u00e1r k\u00f6zel\u00e9ben fekszik, \u00edgy h\u00eddf\u0151\u00e1ll\u00e1st k\u00e9pez Magyarorsz\u00e1g \u00e9s Nyugat-Eur\u00f3pa k\u00f6z\u00f6tti \u00e1rufuvaroz\u00e1s\u00e1ban. C\u00e9ljuk, hogy megb\u00edz\u00f3ik nyugodtan tudjanak a napi feladataikra koncentr\u00e1lni m\u00edg az \u00e1ru \u00faton van \u00e9s biztosak lehessenek &hellip;<\/p>","protected":false},"author":2,"featured_media":815,"parent":76,"menu_order":0,"comment_status":"closed","ping_status":"open","template":"","meta":{"ngg_post_thumbnail":0},"acf":[],"_links":{"self":[{"href":"https:\/\/www.gonczitrans.hu\/en\/wp-json\/wp\/v2\/pages\/99"}],"collection":[{"href":"https:\/\/www.gonczitrans.hu\/en\/wp-json\/wp\/v2\/pages"}],"about":[{"href":"https:\/\/www.gonczitrans.hu\/en\/wp-json\/wp\/v2\/types\/page"}],"author":[{"embeddable":true,"href":"https:\/\/www.gonczitrans.hu\/en\/wp-json\/wp\/v2\/users\/2"}],"replies":[{"embeddable":true,"href":"https:\/\/www.gonczitrans.hu\/en\/wp-json\/wp\/v2\/comments?post=99"}],"version-history":[{"count":73,"href":"https:\/\/www.gonczitrans.hu\/en\/wp-json\/wp\/v2\/pages\/99\/revisions"}],"predecessor-version":[{"id":1967,"href":"https:\/\/www.gonczitrans.hu\/en\/wp-json\/wp\/v2\/pages\/99\/revisions\/1967"}],"up":[{"embeddable":true,"href":"https:\/\/www.gonczitrans.hu\/en\/wp-json\/wp\/v2\/pages\/76"}],"wp:featuredmedia":[{"embeddable":true,"href":"https:\/\/www.gonczitrans.hu\/en\/wp-json\/wp\/v2\/media\/815"}],"wp:attachment":[{"href":"https:\/\/www.gonczitrans.hu\/en\/wp-json\/wp\/v2\/media?parent=99"}],"curies":[{"name":"wp","href":"https:\/\/api.w.org\/{rel}","templated":true}]}}