{"id":2282,"date":"2023-06-28T10:57:40","date_gmt":"2023-06-28T10:57:40","guid":{"rendered":"https:\/\/www.gonczitrans.hu\/?page_id=2282"},"modified":"2025-05-05T09:55:03","modified_gmt":"2025-05-05T09:55:03","slug":"karrier","status":"publish","type":"page","link":"https:\/\/www.gonczitrans.hu\/en\/karrier\/","title":{"rendered":"Karrier"},"content":{"rendered":"<div id=\"pl-gb2282-69e73da7dd414\"  class=\"panel-layout wp-block-siteorigin-panels-layout-block\" ><div id=\"pg-gb2282-69e73da7dd414-0\"  class=\"panel-grid panel-no-style\" ><div id=\"pgc-gb2282-69e73da7dd414-0-0\"  class=\"panel-grid-cell\" ><div id=\"panel-gb2282-69e73da7dd414-0-0-0\" class=\"so-panel widget widget_black-studio-tinymce widget_black_studio_tinymce panel-first-child\" data-index=\"0\" ><div class=\"textwidget\"><h3><strong>Nemzetk\u00f6zi g\u00e9pj\u00e1rm\u0171vezet\u0151<\/strong>\u00a0<\/h3>\n<p>V\u00e1llalkoz\u00e1sunk g\u00e9pkocsivezet\u0151 munkat\u00e1rsat keres nyerges, ponyv\u00e1s szerelv\u00e9nyre. 3-5 napos H \u2013 AT\/DE\/CH\/FR\/BENELUX turnusok (nemzetk\u00f6zi t\u00e1vols\u00e1gi r\u00e9szleg), illetve 1-2 napos H \u2013 AT\/SK\/SLO turnusok (region\u00e1lis r\u00e9szleg), soproni vagy gy\u0151ri indul\u00e1ssal.<\/p>\n<p><strong>Elv\u00e1r\u00e1sok:<\/strong><\/p>\n<ul>\n<li>C+E kateg\u00f3ri\u00e1s jogos\u00edtv\u00e1ny<\/li>\n<li>P\u00c1V II vagy III kateg\u00f3ria<\/li>\n<li>Digit\u00e1lis g\u00e9pj\u00e1rm\u0171vezet\u0151i k\u00e1rtya<\/li>\n<li>GKI k\u00e1rtya<\/li>\n<li>Nemzetk\u00f6zi (leinform\u00e1lhat\u00f3) tapasztalat<\/li>\n<li>B\u00fcntetlen el\u0151\u00e9let<\/li>\n<\/ul>\n<p><strong>Amit biztos\u00edtunk g\u00e9pkocsivezet\u0151 munkat\u00e1rsaink sz\u00e1m\u00e1ra:<\/strong><\/p>\n<ul>\n<li>Stabil, 30 \u00e9ves, leinform\u00e1lhat\u00f3 c\u00e9gh\u00e1tt\u00e9r<\/li>\n<li>Rendezett, kisz\u00e1m\u00edthat\u00f3\u00a0\u00fczletmenet<\/li>\n<li>Pontos, szerz\u0151d\u00e9s szerinti fizet\u00e9s<\/li>\n<li>B\u00e9rez\u00e9s nemzetk\u00f6zi r\u00e9szleg: 800.000 \u2013 950.000 HUF \/ h\u00f3<\/li>\n<li>B\u00e9rez\u00e9s region\u00e1lis r\u00e9szleg: 720.000 \u2013 780.000 HUF \/ h\u00f3<\/li>\n<li>J\u00f3l felszerelt \u00e9s szakszer\u0171en karbantartott SCANIA \/ KRONE j\u00e1rm\u0171park<\/li>\n<li>Fix vontat\u00f3<\/li>\n<li>Automatikus aut\u00f3p\u00e1lyad\u00edj kezel\u00e9s minden \u00e9rintett orsz\u00e1gban<\/li>\n<li>561\/2006\/EK\u00a0maxim\u00e1lis betart\u00e1sa<\/li>\n<li>Saj\u00e1t, modern, z\u00e1rt telephely (WiFi, szoci\u00e1lis helyis\u00e9gek, z\u00e1rt SZGK parkol\u00f3, korszer\u0171 m\u0171hely)<\/li>\n<li>Tervezhet\u0151 otthoni pihen\u0151id\u0151 kialak\u00edt\u00e1sa, egy\u00e9ni ig\u00e9nyek rugalmas figyelembev\u00e9tele<\/li>\n<li>T\u00e1mogatott bej\u00e1r\u00e1s<\/li>\n<\/ul>\n<p><strong>Kezd\u00e9s megegyez\u00e9s alapj\u00e1n<\/strong><\/p>\n<p>Amennyiben aj\u00e1nlatunk felkeltette az \u00e9rdekl\u0151d\u00e9s\u00e9t,\u00a0tov\u00e1bbi r\u00e9szletek\u00e9rt k\u00e9rj\u00fck jelentkezzen a <a href=\"tel:\/\/+36303485240\" data-wpel-link=\"internal\">+36 30 348 5240<\/a>-os telefonsz\u00e1mon munkaid\u0151ben vagy e-mailben: <a href=\"mailto:allas@gonczitrans.hu\">allas@gonczitrans.hu<\/a><\/p>\n<\/div><\/div><div id=\"panel-gb2282-69e73da7dd414-0-0-1\" class=\"so-panel widget widget_black-studio-tinymce widget_black_studio_tinymce\" data-index=\"1\" ><div class=\"textwidget\"><div class=\"page\" title=\"Page 1\">\n<div class=\"section\">\n<div class=\"layoutArea\">\n<div class=\"column\">\n<h3><strong>Bet\u00f6lt\u00f6tt &#8211; Fuvarszervez\u0151<\/strong><\/h3>\n<p>Jelenleg nem keres\u00fcnk koll\u00e9g\u00e1t erre a poz\u00edci\u00f3ra, de sz\u00edvesen fogadjuk \u00f6n\u00e9letrajz\u00e1t, \u00e9s ha dinamikusan b\u0151v\u00fcl\u0151 csapatunkba \u00faj embert keres\u00fcnk, jelentkezni fogunk!\u00a0<\/p>\n<\/div>\n<\/div>\n<\/div>\n<\/div>\n<p>V\u00e1llalkoz\u00e1sunk nemzetk\u00f6zi fuvarszervez\u0151 poz\u00edci\u00f3ba keresi \u00faj koll\u00e9g\u00e1j\u00e1t!\u00a0<\/p>\n<p><strong>F\u0151bb feladatok, munk\u00e1k:<\/strong><\/p>\n<div class=\"page\" title=\"Page 1\">\n<div class=\"section\">\n<div class=\"layoutArea\">\n<div class=\"column\">\n<ul>\n<li>Fuvarok szervez\u00e9se, illetve a fuvaroz\u00f3kkal val\u00f3 egy\u00fcttm\u0171k\u00f6d\u00e9s koordin\u00e1l\u00e1sa<\/li>\n<li>Sz\u00e1ll\u00edt\u00e1si megb\u00edz\u00e1sok prec\u00edz kivitelez\u00e9se \u00e9s nyomonk\u00f6vet\u00e9se<\/li>\n<li>Optim\u00e1lis j\u00e1rm\u0171kihaszn\u00e1l\u00e1s el\u00e9r\u00e9se<\/li>\n<li>Statisztik\u00e1k k\u00e9sz\u00edt\u00e9se<\/li>\n<li>Potenci\u00e1lis, megb\u00edzhat\u00f3 alv\u00e1llalkoz\u00f3k felkutat\u00e1sa<\/li>\n<li>Napi forgalmi adatok feldolgoz\u00e1sa<\/li>\n<li>Kapcsolattart\u00e1s \u00e9s egyeztet\u00e9s a partnerekkel magyar \u00e9s idegen nyelven: esetenk\u00e9n belf\u00f6ldi illetve k\u00fclf\u00f6ldi partnerekkel, \u00fcgyfelekkel<\/li>\n<li>Adatb\u00e1zis karbantart\u00e1s<\/li>\n<li>Vezet\u00e9si id\u0151k ellen\u0151rz\u00e9se, betartat\u00e1sa<\/li>\n<\/ul>\n<\/div>\n<\/div>\n<\/div>\n<\/div>\n<p><strong>Az \u00e1ll\u00e1shoz tartoz\u00f3 elv\u00e1r\u00e1sok:\u00a0<\/strong><\/p>\n<div class=\"page\" title=\"Page 1\">\n<div class=\"section\">\n<div class=\"layoutArea\">\n<div class=\"column\">\n<ul>\n<li>Min. 1 \u00e9v szakmai tapasztalat<\/li>\n<li>Akt\u00edv nyelvtud\u00e1s, \u00edr\u00e1sban is (N\u00e9met) Rendszerszeml\u00e9let<\/li>\n<li>Megb\u00edzhat\u00f3, felel\u0151ss\u00e9gteljes, prec\u00edz munkav\u00e9gz\u00e9s Felhaszn\u00e1l\u00f3i szint\u0171 sz\u00e1m\u00edt\u00f3g\u00e9pes ismeretek<\/li>\n<li>MS Office felhaszn\u00e1l\u00f3i ismeretek<\/li>\n<li>Csapatmunka<\/li>\n<\/ul>\n<\/div>\n<\/div>\n<\/div>\n<\/div>\n<div class=\"page\" title=\"Page 1\">\n<div class=\"section\">\n<div class=\"layoutArea\">\n<div class=\"column\">\n<p><strong>Az \u00e1ll\u00e1s bet\u00f6lt\u00e9s\u00e9hez el\u0151nyt jelent:<\/strong><\/p>\n<ul>\n<li>Logisztikai ter\u00fcleten szerzett tapasztalat<\/li>\n<li>J\u00f3 kommunik\u00e1ci\u00f3s \u00e9s probl\u00e9mamegold\u00f3 k\u00e9pess\u00e9g<\/li>\n<li>\u00d6n\u00e1ll\u00f3, pontos, munkav\u00e9gz\u00e9s,\u00a0egy\u00fcttm\u0171k\u00f6d\u0151 k\u00e9szs\u00e9g<\/li>\n<li>Pozit\u00edv hozz\u00e1\u00e1ll\u00e1s, rugalmass\u00e1g<\/li>\n<\/ul>\n<p>Munkav\u00e9gz\u00e9s helye: Sopron\u00a0<\/p>\n<\/div>\n<\/div>\n<\/div>\n<\/div>\n<p>Amennyiben aj\u00e1nlatunk felkeltette az \u00e9rdekl\u0151d\u00e9s\u00e9t,\u00a0tov\u00e1bbi r\u00e9szletek\u00e9rt k\u00e9rj\u00fck jelentkezzen a <a href=\"tel:\/\/+36303485240\" data-wpel-link=\"internal\">+36 30 348 5240<\/a>-os telefonsz\u00e1mon munkaid\u0151ben vagy e-mailben: <a href=\"mailto:allas@gonczitrans.hu\">allas@gonczitrans.hu<\/a><\/p>\n<\/div><\/div><div id=\"panel-gb2282-69e73da7dd414-0-0-2\" class=\"so-panel widget widget_black-studio-tinymce widget_black_studio_tinymce panel-last-child\" data-index=\"2\" ><div class=\"textwidget\"><h3>Bet\u00f6lt\u00f6tt &#8211; Rakt\u00e1ros\/ Targoncavezet\u0151<\/h3>\n<p>Jelenleg nem keres\u00fcnk koll\u00e9g\u00e1t erre a poz\u00edci\u00f3ra, de sz\u00edvesen fogadjuk \u00f6n\u00e9letrajz\u00e1t, \u00e9s ha dinamikusan b\u0151v\u00fcl\u0151 csapatunkba \u00faj embert keres\u00fcnk, jelentkezni fogunk!\u00a0<\/p>\n<p><strong>\u00daj munkat\u00e1rs feladatai:\u00a0<br \/><\/strong><\/p>\n<ul>\n<li>Bej\u00f6v\u0151- kimen\u0151 \u00e1ruk kezel\u00e9se, k\u00f6nyvel\u00e9se<\/li>\n<li>Rakt\u00e1ri rend folyamatos fenntart\u00e1sa\u00a0<\/li>\n<li>Anyagmozgat\u00f3 g\u00e9pen \u00e9s IT eszk\u00f6z\u00f6k megfelel\u0151 haszn\u00e1lata<\/li>\n<\/ul>\n<p><strong>P\u00e1ly\u00e1z\u00f3val szembeni szakmai elv\u00e1r\u00e1sok:<\/strong><\/p>\n<ul>\n<li>Rakt\u00e1roz\u00e1sban \u00e9s adminisztr\u00e1ci\u00f3ban szerzett t\u00f6bb \u00e9ves tapasztalat<\/li>\n<\/ul>\n<p><strong>Amit k\u00edn\u00e1lunk:<\/strong><\/p>\n<ul>\n<li>Stabil, 30 \u00e9ves, leinform\u00e1lhat\u00f3 c\u00e9gh\u00e1tt\u00e9r<\/li>\n<li>Rendezett, kisz\u00e1m\u00edthat\u00f3\u00a0\u00fczletmenet<\/li>\n<li>Pontos, szerz\u0151d\u00e9s szerinti fizet\u00e9s<\/li>\n<li>B\u00e9rez\u00e9s : 470.000 \u2013 500.000 HUF \/ h\u00f3<\/li>\n<li>Modern rakt\u00e1r \u00e9s munkak\u00f6r\u00fclm\u00e9nyek<\/li>\n<li>Hossz\u00fat\u00e1v\u00fa, biztos munkahely\u00a0<\/li>\n<\/ul>\n<p>A munkav\u00e9gz\u00e9s helye: <strong>Sopron<\/strong>\u00a0<\/p>\n<p><strong>Kezd\u00e9s megegyez\u00e9s alapj\u00e1n<\/strong><\/p>\n<p>Amennyiben aj\u00e1nlatunk felkeltette az \u00e9rdekl\u0151d\u00e9s\u00e9t,\u00a0tov\u00e1bbi r\u00e9szletek\u00e9rt k\u00e9rj\u00fck jelentkezzen a <a href=\"tel:\/\/+36303485240\" data-wpel-link=\"internal\">+36 30 348 5240<\/a>-os telefonsz\u00e1mon munkaid\u0151ben vagy e-mailben: <a href=\"mailto:allas@gonczitrans.hu\">allas@gonczitrans.hu<\/a><\/p>\n<\/div><\/div><\/div><div id=\"pgc-gb2282-69e73da7dd414-0-1\"  class=\"panel-grid-cell\" ><div id=\"panel-gb2282-69e73da7dd414-0-1-0\" class=\"so-panel widget widget_black-studio-tinymce widget_black_studio_tinymce panel-first-child panel-last-child\" data-index=\"3\" ><div class=\"textwidget\"><p>\u00a0<img decoding=\"async\" loading=\"lazy\" class=\"alignnone wp-image-1798 size-full\" src=\"https:\/\/www.gonczitrans.hu\/wp-content\/uploads\/2015\/05\/rolunk_03.jpg\" alt=\"\" width=\"848\" height=\"480\" srcset=\"https:\/\/www.gonczitrans.hu\/wp-content\/uploads\/2015\/05\/rolunk_03.jpg 848w, https:\/\/www.gonczitrans.hu\/wp-content\/uploads\/2015\/05\/rolunk_03-300x170.jpg 300w, https:\/\/www.gonczitrans.hu\/wp-content\/uploads\/2015\/05\/rolunk_03-768x435.jpg 768w, https:\/\/www.gonczitrans.hu\/wp-content\/uploads\/2015\/05\/rolunk_03-360x204.jpg 360w, https:\/\/www.gonczitrans.hu\/wp-content\/uploads\/2015\/05\/rolunk_03-600x340.jpg 600w\" sizes=\"(max-width: 848px) 100vw, 848px\" \/> \u00a0<\/p>\n<\/div><\/div><\/div><\/div><\/div>\n\n\n<p><\/p>","protected":false},"excerpt":{"rendered":"<p>Nemzetk\u00f6zi g\u00e9pj\u00e1rm\u0171vezet\u0151\u00a0 V\u00e1llalkoz\u00e1sunk g\u00e9pkocsivezet\u0151 munkat\u00e1rsat keres nyerges, ponyv\u00e1s szerelv\u00e9nyre. 3-5 napos H \u2013 AT\/DE\/CH\/FR\/BENELUX turnusok (nemzetk\u00f6zi t\u00e1vols\u00e1gi r\u00e9szleg), illetve 1-2 napos H \u2013 AT\/SK\/SLO turnusok (region\u00e1lis r\u00e9szleg), soproni vagy gy\u0151ri indul\u00e1ssal. Elv\u00e1r\u00e1sok: C+E kateg\u00f3ri\u00e1s jogos\u00edtv\u00e1ny P\u00c1V II vagy III kateg\u00f3ria Digit\u00e1lis g\u00e9pj\u00e1rm\u0171vezet\u0151i k\u00e1rtya GKI k\u00e1rtya Nemzetk\u00f6zi (leinform\u00e1lhat\u00f3) tapasztalat B\u00fcntetlen el\u0151\u00e9let Amit biztos\u00edtunk g\u00e9pkocsivezet\u0151 munkat\u00e1rsaink sz\u00e1m\u00e1ra: &hellip;<\/p>","protected":false},"author":2,"featured_media":0,"parent":0,"menu_order":0,"comment_status":"closed","ping_status":"closed","template":"","meta":{"ngg_post_thumbnail":0},"acf":[],"_links":{"self":[{"href":"https:\/\/www.gonczitrans.hu\/en\/wp-json\/wp\/v2\/pages\/2282"}],"collection":[{"href":"https:\/\/www.gonczitrans.hu\/en\/wp-json\/wp\/v2\/pages"}],"about":[{"href":"https:\/\/www.gonczitrans.hu\/en\/wp-json\/wp\/v2\/types\/page"}],"author":[{"embeddable":true,"href":"https:\/\/www.gonczitrans.hu\/en\/wp-json\/wp\/v2\/users\/2"}],"replies":[{"embeddable":true,"href":"https:\/\/www.gonczitrans.hu\/en\/wp-json\/wp\/v2\/comments?post=2282"}],"version-history":[{"count":15,"href":"https:\/\/www.gonczitrans.hu\/en\/wp-json\/wp\/v2\/pages\/2282\/revisions"}],"predecessor-version":[{"id":2391,"href":"https:\/\/www.gonczitrans.hu\/en\/wp-json\/wp\/v2\/pages\/2282\/revisions\/2391"}],"wp:attachment":[{"href":"https:\/\/www.gonczitrans.hu\/en\/wp-json\/wp\/v2\/media?parent=2282"}],"curies":[{"name":"wp","href":"https:\/\/api.w.org\/{rel}","templated":true}]}}