{"id":1525,"date":"2019-09-09T13:57:30","date_gmt":"2019-09-09T13:57:30","guid":{"rendered":"http:\/\/www.gonczitrans.hu\/?page_id=1525"},"modified":"2021-05-27T07:14:48","modified_gmt":"2021-05-27T07:14:48","slug":"eszkozpark","status":"publish","type":"page","link":"https:\/\/www.gonczitrans.hu\/en\/cegprofil\/eszkozpark\/","title":{"rendered":"Fleet management"},"content":{"rendered":"<div id=\"pl-1525\"  class=\"panel-layout\" ><div id=\"pg-1525-0\"  class=\"panel-grid panel-no-style\" ><div id=\"pgc-1525-0-0\"  class=\"panel-grid-cell\" ><div id=\"panel-1525-0-0-0\" class=\"so-panel widget widget_sow-editor panel-first-child panel-last-child\" data-index=\"0\" ><div\n\t\t\t\n\t\t\tclass=\"so-widget-sow-editor so-widget-sow-editor-base\"\n\t\t\t\n\t\t>\n<div class=\"siteorigin-widget-tinymce textwidget\">\n\t<p><strong>Fuvareszk\u00f6zpark<\/strong><\/p>\n<ul>\n<li>MEGA Trailer: 13,6x2,45x3,0m \u2013 24.000 kg<\/li>\n<li>Standard Trailer: 13,x6x2,45x2,8m \u2013 24.000 kg<\/li>\n<li>Jumbo Trailer: 7,8x2,45x3,0m + 7,8x2,45x3,0m \u2013 24.000 kg<\/li>\n<li>18 Ton: 8,1x2,4x2,4m \u2013 7.700 kg<\/li>\n<li>12 Ton: 7,2x2,4x2,4m \u2013 4.800 kg (Tail lift)<\/li>\n<li>7,5 Ton: 6,5x2,4x2,4m \u2013 2.800 kg<\/li>\n<li>Van: 4,2x2,2x2,2m \u2013 1.000 kg (8 PAL)<\/li>\n<li>Van: 4,2x1,6x1,8m \u2013 1.200 kg (6 PAL)<\/li>\n<\/ul>\n<p><strong>Sz\u00e1ll\u00edtm\u00e1nybiztos\u00edt\u00e1s<\/strong><\/p>\n<ul>\n<li>CMR biztos\u00edt\u00e1s 633.000 EURO-ig (Union Biztos\u00edt\u00f3)<\/li>\n<li>sz\u00e1ll\u00edtm\u00e1nybiztos\u00edt\u00e1si keretszerz\u0151d\u00e9s 1.500.000 EURO-ig (Wiener St\u00e4dtische)<\/li>\n<\/ul>\n<p><strong>J\u00e1rm\u0171vek felszerelts\u00e9ge<\/strong><\/p>\n<ul>\n<li>k\u00f6rnyezetv\u00e9delmi oszt\u00e1ly Euro 6<\/li>\n<li>DIN EN 12642 \"Code XL\" ponyva<\/li>\n<li>EDSCHA \/ hidraulikus tet\u0151<\/li>\n<li>emel\u0151 h\u00e1tfalas aut\u00f3,&nbsp;raklapemel\u0151 b\u00e9ka<\/li>\n<li>folyamatos rakom\u00e1nyr\u00f6gz\u00edt\u0151 s\u00edn<\/li>\n<li>spaniferek, cs\u00fasz\u00e1sg\u00e1tl\u00f3k, \u00e9lv\u00e9d\u0151k<\/li>\n<li>GPS nyomk\u00f6vet\u0151<\/li>\n<\/ul>\n<\/div>\n<\/div><\/div><\/div><\/div><\/div>","protected":false},"excerpt":{"rendered":"<p>Fuvareszk\u00f6zpark MEGA Trailer: 13,6&#215;2,45&#215;3,0m \u2013 24.000 kg Standard Trailer: 13,x6x2,45&#215;2,8m \u2013 24.000 kg Jumbo Trailer: 7,8&#215;2,45&#215;3,0m + 7,8&#215;2,45&#215;3,0m \u2013 24.000 kg 18 Ton: 8,1&#215;2,4&#215;2,4m \u2013 7.700 kg 12 Ton: 7,2&#215;2,4&#215;2,4m \u2013 4.800 kg (Emel\u0151h\u00e1tfal) 7,5 Ton: 6,5&#215;2,4&#215;2,4m \u2013 2.800 kg Ponyv\u00e1s furgon: 4,2&#215;2,2&#215;2,2m \u2013 1.000 kg (8 PAL) Dobozos furgon: 4,2&#215;1,6&#215;1,8m \u2013 1.200 kg (6 &hellip;<\/p>","protected":false},"author":2,"featured_media":0,"parent":570,"menu_order":0,"comment_status":"closed","ping_status":"closed","template":"","meta":{"ngg_post_thumbnail":0},"acf":[],"_links":{"self":[{"href":"https:\/\/www.gonczitrans.hu\/en\/wp-json\/wp\/v2\/pages\/1525"}],"collection":[{"href":"https:\/\/www.gonczitrans.hu\/en\/wp-json\/wp\/v2\/pages"}],"about":[{"href":"https:\/\/www.gonczitrans.hu\/en\/wp-json\/wp\/v2\/types\/page"}],"author":[{"embeddable":true,"href":"https:\/\/www.gonczitrans.hu\/en\/wp-json\/wp\/v2\/users\/2"}],"replies":[{"embeddable":true,"href":"https:\/\/www.gonczitrans.hu\/en\/wp-json\/wp\/v2\/comments?post=1525"}],"version-history":[{"count":26,"href":"https:\/\/www.gonczitrans.hu\/en\/wp-json\/wp\/v2\/pages\/1525\/revisions"}],"predecessor-version":[{"id":2117,"href":"https:\/\/www.gonczitrans.hu\/en\/wp-json\/wp\/v2\/pages\/1525\/revisions\/2117"}],"up":[{"embeddable":true,"href":"https:\/\/www.gonczitrans.hu\/en\/wp-json\/wp\/v2\/pages\/570"}],"wp:attachment":[{"href":"https:\/\/www.gonczitrans.hu\/en\/wp-json\/wp\/v2\/media?parent=1525"}],"curies":[{"name":"wp","href":"https:\/\/api.w.org\/{rel}","templated":true}]}}