{"id":1036,"date":"2019-05-21T09:55:22","date_gmt":"2019-05-21T09:55:22","guid":{"rendered":"http:\/\/www.gonczitrans.hu\/?page_id=1036"},"modified":"2019-09-05T12:13:14","modified_gmt":"2019-09-05T12:13:14","slug":"expressz-fuvarozas","status":"publish","type":"page","link":"https:\/\/www.gonczitrans.hu\/en\/szolgaltatasok\/expressz-fuvarozas\/","title":{"rendered":"Express freight"},"content":{"rendered":"<div id=\"pl-1036\"  class=\"panel-layout\" ><div id=\"pg-1036-0\"  class=\"panel-grid panel-no-style\" ><div id=\"pgc-1036-0-0\"  class=\"panel-grid-cell\" ><div id=\"panel-1036-0-0-0\" class=\"so-panel widget widget_sow-editor panel-first-child panel-last-child\" data-index=\"0\" ><div\n\t\t\t\n\t\t\tclass=\"so-widget-sow-editor so-widget-sow-editor-base\"\n\t\t\t\n\t\t>\n<div class=\"siteorigin-widget-tinymce textwidget\">\n\t<p>Our freight forwarders are on duty 24\/7 and keep continuous contact with our drivers. All vehicles are fitted with mobile phones, GPS navigation and tracking devices thus ensuring continuous tracking of urgent shipments. Team driving is an available option when required.<\/p>\n<p><img decoding=\"async\" loading=\"lazy\" class=\"alignnone wp-image-1413 size-medium\" src=\"http:\/\/www.gonczitrans.hu\/wp-content\/uploads\/2019\/05\/AKS_1172-300x200.jpg\" alt=\"\" width=\"300\" height=\"200\" srcset=\"https:\/\/www.gonczitrans.hu\/wp-content\/uploads\/2019\/05\/AKS_1172-300x200.jpg 300w, https:\/\/www.gonczitrans.hu\/wp-content\/uploads\/2019\/05\/AKS_1172-768x512.jpg 768w, https:\/\/www.gonczitrans.hu\/wp-content\/uploads\/2019\/05\/AKS_1172-1024x683.jpg 1024w, https:\/\/www.gonczitrans.hu\/wp-content\/uploads\/2019\/05\/AKS_1172-360x240.jpg 360w, https:\/\/www.gonczitrans.hu\/wp-content\/uploads\/2019\/05\/AKS_1172-600x400.jpg 600w, https:\/\/www.gonczitrans.hu\/wp-content\/uploads\/2019\/05\/AKS_1172-272x182.jpg 272w, https:\/\/www.gonczitrans.hu\/wp-content\/uploads\/2019\/05\/AKS_1172.jpg 1280w\" sizes=\"(max-width: 300px) 100vw, 300px\" \/> <img decoding=\"async\" loading=\"lazy\" class=\"alignnone wp-image-1406 size-medium\" src=\"http:\/\/www.gonczitrans.hu\/wp-content\/uploads\/2019\/05\/AKS_1298-300x200.jpg\" alt=\"\" width=\"300\" height=\"200\" srcset=\"https:\/\/www.gonczitrans.hu\/wp-content\/uploads\/2019\/05\/AKS_1298-300x200.jpg 300w, https:\/\/www.gonczitrans.hu\/wp-content\/uploads\/2019\/05\/AKS_1298-768x512.jpg 768w, https:\/\/www.gonczitrans.hu\/wp-content\/uploads\/2019\/05\/AKS_1298-1024x683.jpg 1024w, https:\/\/www.gonczitrans.hu\/wp-content\/uploads\/2019\/05\/AKS_1298-360x240.jpg 360w, https:\/\/www.gonczitrans.hu\/wp-content\/uploads\/2019\/05\/AKS_1298-600x400.jpg 600w, https:\/\/www.gonczitrans.hu\/wp-content\/uploads\/2019\/05\/AKS_1298-272x182.jpg 272w, https:\/\/www.gonczitrans.hu\/wp-content\/uploads\/2019\/05\/AKS_1298.jpg 1280w\" sizes=\"(max-width: 300px) 100vw, 300px\" \/><\/p>\n<p><strong>Express freight<\/strong><\/p>\n<p>Our express freight forwarding service ensures that once the order is confirmed, delivery is completed door-to-door:<\/p>\n<ul>\n<li>within 8 hours in Hungary<\/li>\n<li>within 16 hours to destinations in the neighbouring countries<\/li>\n<li>within 36 hours to destinations in any European country<\/li>\n<\/ul>\n<p>the shipment is guaranteed door-to-door delivery.<\/p>\n<p><strong>Insurance<\/strong><\/p>\n<p>We have Freight Forwarder\u2019s Liability Insurance in place to keep our customers\u2019 harmless, which provides cover for any damage caused by our freight forwarder during the logistics operations. <a href=\"#\">Click on this link to view our policy.<\/a>.<\/p>\n<p><strong>Our damage\/damage-free ratio stands at 0.09%.<\/strong><\/p>\n<p>&nbsp;<\/p>\n<\/div>\n<\/div><\/div><\/div><\/div><\/div>","protected":false},"excerpt":{"rendered":"<p>Spedit\u0151reik 24 \u00f3r\u00e1s \u00fcgyeletet tartanak \u00e9s \u00e1lland\u00f3 kapcsolatban \u00e1llnak a g\u00e9pkocsivezet\u0151ikkel. J\u00e1rm\u0171veink mobiltelefonnal, GPS navig\u00e1ci\u00f3val \u00e9s nyomk\u00f6vet\u00e9ssel is rendelkeznek, szavatolva a s\u00fcrg\u0151s k\u00fcldem\u00e9nyek folyamatos nyomon k\u00f6vet\u00e9s\u00e9t. Sz\u00fcks\u00e9g eset\u00e9n j\u00e1rm\u0171veiket k\u00e9t g\u00e9pkocsivezet\u0151vel ind\u00edtj\u00e1k. Expressz Fuvaroz\u00e1s Expressz sz\u00e1ll\u00edt\u00e1si szolg\u00e1ltat\u00e1suk biztos\u00edtja, hogy megb\u00edz\u00f3ik r\u00e9sz\u00e9re a rendel\u00e9s visszaigazol\u00e1s\u00e1t k\u00f6vet\u0151: 8 \u00f3r\u00e1n bel\u00fcl Magyarorsz\u00e1g 16 \u00f3r\u00e1n bel\u00fcl a k\u00f6rnyez\u0151 orsz\u00e1gokba &hellip;<\/p>","protected":false},"author":2,"featured_media":0,"parent":76,"menu_order":0,"comment_status":"closed","ping_status":"closed","template":"","meta":{"ngg_post_thumbnail":0},"acf":[],"_links":{"self":[{"href":"https:\/\/www.gonczitrans.hu\/en\/wp-json\/wp\/v2\/pages\/1036"}],"collection":[{"href":"https:\/\/www.gonczitrans.hu\/en\/wp-json\/wp\/v2\/pages"}],"about":[{"href":"https:\/\/www.gonczitrans.hu\/en\/wp-json\/wp\/v2\/types\/page"}],"author":[{"embeddable":true,"href":"https:\/\/www.gonczitrans.hu\/en\/wp-json\/wp\/v2\/users\/2"}],"replies":[{"embeddable":true,"href":"https:\/\/www.gonczitrans.hu\/en\/wp-json\/wp\/v2\/comments?post=1036"}],"version-history":[{"count":15,"href":"https:\/\/www.gonczitrans.hu\/en\/wp-json\/wp\/v2\/pages\/1036\/revisions"}],"predecessor-version":[{"id":1518,"href":"https:\/\/www.gonczitrans.hu\/en\/wp-json\/wp\/v2\/pages\/1036\/revisions\/1518"}],"up":[{"embeddable":true,"href":"https:\/\/www.gonczitrans.hu\/en\/wp-json\/wp\/v2\/pages\/76"}],"wp:attachment":[{"href":"https:\/\/www.gonczitrans.hu\/en\/wp-json\/wp\/v2\/media?parent=1036"}],"curies":[{"name":"wp","href":"https:\/\/api.w.org\/{rel}","templated":true}]}}