{"id":10,"date":"2015-04-14T10:13:09","date_gmt":"2015-04-14T10:13:09","guid":{"rendered":"https:\/\/xml-io.proteusthemes.com\/cargopress\/?page_id=6"},"modified":"2023-10-19T12:42:35","modified_gmt":"2023-10-19T12:42:35","slug":"home","status":"publish","type":"page","link":"https:\/\/www.gonczitrans.hu\/en\/","title":{"rendered":"Home"},"content":{"rendered":"<div id=\"pl-10\"  class=\"panel-layout\" ><div id=\"pg-10-0\"  class=\"panel-grid panel-no-style\" ><div id=\"pgc-10-0-0\"  class=\"panel-grid-cell\" ><div id=\"panel-10-0-0-0\" class=\"so-panel widget widget_sow-editor panel-first-child panel-last-child\" data-index=\"0\" ><div class=\"featured-widget panel-widget-style panel-widget-style-for-10-0-0-0\" ><div\n\t\t\t\n\t\t\tclass=\"so-widget-sow-editor so-widget-sow-editor-base\"\n\t\t\t\n\t\t><h3 class=\"widget-title\"><span class=\"widget-title__inline\">Welcome<\/span><\/h3>\n<div class=\"siteorigin-widget-tinymce textwidget\">\n\t<div class=\"textwidget\">\n<p>The G\u00f6nczi family established G\u00f6nczi Nemzetk\u00f6zi Sz\u00e1ll\u00edtm\u00e1nyoz\u00f3 Kft. over 33 years ago.<\/p>\n<p>The company, with its main scopes of activities of shipping, freight forwarding and warehousing, was originally launched and still operates as a family enterprise, already under the management of the second generation.<\/p>\n<\/div>\n<\/div>\n<\/div><\/div><\/div><\/div><div id=\"pgc-10-0-1\"  class=\"panel-grid-cell\" ><div id=\"panel-10-0-1-0\" class=\"so-panel widget widget_pw_featured_page widget-featured-page panel-first-child panel-last-child\" data-index=\"1\" >\n\n\t<div class=\"page-box  page-box--block\">\n\t\t\t<a class=\"page-box__picture\" href=\"https:\/\/www.gonczitrans.hu\/en\/szolgaltatasok\/cargo\/\"><img src=\"https:\/\/www.gonczitrans.hu\/wp-content\/uploads\/2015\/04\/nyitokep_01-360x240.jpg\" width=\"360\" height=\"240\" srcset=\"https:\/\/www.gonczitrans.hu\/wp-content\/uploads\/2015\/04\/nyitokep_01-360x240.jpg 360w, https:\/\/www.gonczitrans.hu\/wp-content\/uploads\/2015\/04\/nyitokep_01.jpg 848w\" sizes=\"(min-width: 992px) 360px, calc(100vw - 30px)\" class=\"wp-post-image\" alt=\"Nemzetk\u00f6zi \u00e9s belf\u00f6ldi fuvaroz\u00e1s\"><\/a>\n\t\t<div class=\"page-box__content\">\n\t\t\t<h5 class=\"page-box__title  text-uppercase\"><a href=\"https:\/\/www.gonczitrans.hu\/en\/szolgaltatasok\/cargo\/\">International and domestic shipping<\/a><\/h5>\n\t\t\t<p>The task of our multi-lingual, flexible and responsible freight forwarding team is to coordinate and handle full, groupage and part truck loads and to keep ...<\/p>\n\t\t\t\t<p><a href=\"https:\/\/www.gonczitrans.hu\/en\/szolgaltatasok\/cargo\/\" class=\"read-more  read-more--page-box\">More<\/a><\/p>\n\t\t<\/div>\n\t<\/div>\n\n<\/div><\/div><div id=\"pgc-10-0-2\"  class=\"panel-grid-cell\" ><div id=\"panel-10-0-2-0\" class=\"so-panel widget widget_pw_featured_page widget-featured-page panel-first-child panel-last-child\" data-index=\"2\" >\n\n\t<div class=\"page-box  page-box--block\">\n\t\t\t<a class=\"page-box__picture\" href=\"https:\/\/www.gonczitrans.hu\/en\/szolgaltatasok\/fuvarszervezes\/\"><img src=\"https:\/\/www.gonczitrans.hu\/wp-content\/uploads\/2015\/04\/AKS_1267_360x240.jpg\" width=\"360\" height=\"240\" srcset=\"https:\/\/www.gonczitrans.hu\/wp-content\/uploads\/2015\/04\/AKS_1267_360x240.jpg 360w, https:\/\/www.gonczitrans.hu\/wp-content\/uploads\/2015\/04\/AKS_1267_360x240.jpg 360w\" sizes=\"(min-width: 992px) 360px, calc(100vw - 30px)\" class=\"wp-post-image\" alt=\"Fuvarszervez\u00e9s\"><\/a>\n\t\t<div class=\"page-box__content\">\n\t\t\t<h5 class=\"page-box__title  text-uppercase\"><a href=\"https:\/\/www.gonczitrans.hu\/en\/szolgaltatasok\/fuvarszervezes\/\">Freight forwarding<\/a><\/h5>\n\t\t\t<p>Our excellent team of freight forwarders ensures the timely and accurate completion of freight orders, even with full-scale administration of freight insurance if required.<\/p>\n\t\t\t\t<p><a href=\"https:\/\/www.gonczitrans.hu\/en\/szolgaltatasok\/fuvarszervezes\/\" class=\"read-more  read-more--page-box\">More<\/a><\/p>\n\t\t<\/div>\n\t<\/div>\n\n<\/div><\/div><div id=\"pgc-10-0-3\"  class=\"panel-grid-cell\" ><div id=\"panel-10-0-3-0\" class=\"so-panel widget widget_pw_featured_page widget-featured-page panel-first-child panel-last-child\" data-index=\"3\" >\n\n\t<div class=\"page-box  page-box--block\">\n\t\t\t<a class=\"page-box__picture\" href=\"https:\/\/www.gonczitrans.hu\/en\/szolgaltatasok\/raktarozas\/\"><img src=\"https:\/\/www.gonczitrans.hu\/wp-content\/uploads\/2015\/04\/nyitokep_02-360x240.jpg\" width=\"360\" height=\"240\" srcset=\"https:\/\/www.gonczitrans.hu\/wp-content\/uploads\/2015\/04\/nyitokep_02-360x240.jpg 360w, https:\/\/www.gonczitrans.hu\/wp-content\/uploads\/2015\/04\/nyitokep_02.jpg 848w\" sizes=\"(min-width: 992px) 360px, calc(100vw - 30px)\" class=\"wp-post-image\" alt=\"Rakt\u00e1roz\u00e1s\"><\/a>\n\t\t<div class=\"page-box__content\">\n\t\t\t<h5 class=\"page-box__title  text-uppercase\"><a href=\"https:\/\/www.gonczitrans.hu\/en\/szolgaltatasok\/raktarozas\/\">Warehousing<\/a><\/h5>\n\t\t\t<p>G\u00f6nczi Kft. has been providing impeccable complex warehousing services since 2015 to our automotive and other industrial customers. Our warehouse is located in Sopron, ...<\/p>\n\t\t\t\t<p><a href=\"https:\/\/www.gonczitrans.hu\/en\/szolgaltatasok\/raktarozas\/\" class=\"read-more  read-more--page-box\">More<\/a><\/p>\n\t\t<\/div>\n\t<\/div>\n\n<\/div><\/div><\/div><div id=\"pg-10-1\"  class=\"panel-grid panel-has-style\" ><div class=\"siteorigin-panels-stretch panel-row-style panel-row-style-for-10-1\" data-stretch-type=\"full-stretched\" ><div id=\"pgc-10-1-0\"  class=\"panel-grid-cell\" ><div id=\"panel-10-1-0-0\" class=\"so-panel widget widget_pw_google_map panel-first-child panel-last-child\" data-index=\"4\" >\n\n\t<div\n\t\tclass=\"simple-map  js-where-we-are\"\n\t\tdata-latlng=\"47.666441, 16.619701\"\n\t\tdata-markers=\"[{&quot;id&quot;:&quot;2&quot;,&quot;title&quot;:&quot;H-9400 Sopron, Szappanf\\u0151z\\u0151 krt. 10.&quot;,&quot;locationlatlng&quot;:&quot;47.666441, 16.619701&quot;,&quot;custompinimage&quot;:&quot;&quot;},{&quot;id&quot;:&quot;3&quot;,&quot;title&quot;:&quot;My Business LLC&quot;,&quot;locationlatlng&quot;:&quot;&quot;,&quot;custompinimage&quot;:&quot;&quot;}]\"\n\t\tdata-zoom=\"12\"\n\t\tdata-type=\"roadmap\"\n\t\tdata-style=\"[]\"\n\t\tstyle=\"height: 380px;\"\n\t><\/div>\n\n<\/div><\/div><\/div><\/div><div id=\"pg-10-2\"  class=\"panel-grid panel-no-style\" ><div id=\"pgc-10-2-0\"  class=\"panel-grid-cell\" ><div id=\"panel-10-2-0-0\" class=\"so-panel widget widget_sow-editor panel-first-child panel-last-child\" data-index=\"5\" ><div class=\"widget-title--big panel-widget-style panel-widget-style-for-10-2-0-0\" ><div\n\t\t\t\n\t\t\tclass=\"so-widget-sow-editor so-widget-sow-editor-base\"\n\t\t\t\n\t\t><h3 class=\"widget-title\"><span class=\"widget-title__inline\">OUR PARTNERS<\/span><\/h3>\n<div class=\"siteorigin-widget-tinymce textwidget\">\n\t<div class=\"logo-panel\">\n<div class=\"row\">\n<div class=\"col-xs-12 col-sm-2\"><img decoding=\"async\" src=\"http:\/\/www.gonczitrans.hu\/wp-content\/uploads\/2015\/04\/alko-logo-neu.png\" alt=\"Client\"\/><\/div>\n<div class=\"col-xs-12 col-sm-2\"><img decoding=\"async\" src=\"http:\/\/www.gonczitrans.hu\/wp-content\/uploads\/2015\/04\/imex-logo.png\" alt=\"Client\"\/><\/div>\n<div class=\"col-xs-12 col-sm-2\"><img decoding=\"async\" src=\"http:\/\/www.gonczitrans.hu\/wp-content\/uploads\/2020\/02\/autoliv-logo.png\" alt=\"Client\"\/><\/div>\n<div class=\"col-xs-12 col-sm-2\"><img decoding=\"async\" src=\"http:\/\/www.gonczitrans.hu\/wp-content\/uploads\/2020\/02\/veolia-logo.png\" alt=\"Client\"\/><\/div>\n<div class=\"col-xs-12 col-sm-2\"><img decoding=\"async\" src=\"http:\/\/www.gonczitrans.hu\/wp-content\/uploads\/2015\/04\/dhl-logo.png\" alt=\"Client\"\/><\/div>\n<div class=\"col-xs-12 col-sm-2\"><img decoding=\"async\" src=\"http:\/\/www.gonczitrans.hu\/wp-content\/uploads\/2015\/04\/tft-logo.png\" alt=\"Client\"\/><\/div>\n<\/div>\n<\/div>\n<div class=\"textwidget\">\n<div class=\"logo-panel\">\n<div class=\"row\">\n<div class=\"col-xs-12 col-sm-2\"><img decoding=\"async\" src=\"http:\/\/www.gonczitrans.hu\/wp-content\/uploads\/2015\/04\/audi-logo.png\" alt=\"Client\"\/><\/div>\n<div class=\"col-xs-12 col-sm-2\"><img decoding=\"async\" src=\"http:\/\/www.gonczitrans.hu\/wp-content\/uploads\/2020\/02\/porr.png\" alt=\"Client\"\/><\/div>\n<div class=\"col-xs-12 col-sm-2\"><img decoding=\"async\" src=\"http:\/\/www.gonczitrans.hu\/wp-content\/uploads\/2020\/02\/schweitzer-logo.png\" alt=\"Client\"\/><\/div>\n<div class=\"col-xs-12 col-sm-2\"><img decoding=\"async\" src=\"http:\/\/www.gonczitrans.hu\/wp-content\/uploads\/2020\/02\/heinzel-group-logo.png\" alt=\"Client\"\/><\/div>\n<div class=\"col-xs-12 col-sm-2\"><img decoding=\"async\" src=\"http:\/\/www.gonczitrans.hu\/wp-content\/uploads\/2020\/02\/fritz-logo.png\" alt=\"Client\"\/><\/div>\n<div class=\"col-xs-12 col-sm-2\"><img decoding=\"async\" src=\"http:\/\/www.gonczitrans.hu\/wp-content\/uploads\/2020\/02\/vw-logo.png\" alt=\"Client\"\/><\/div>\n<\/div>\n<\/div>\n<div class=\"logo-panel\">\n<div class=\"row\">\n<div class=\"col-xs-12 col-sm-2\"><img decoding=\"async\" src=\"http:\/\/www.gonczitrans.hu\/wp-content\/uploads\/2020\/02\/scania-logo.png\" alt=\"Client\"\/><\/div>\n<div class=\"col-xs-12 col-sm-2\"><img decoding=\"async\" src=\"http:\/\/www.gonczitrans.hu\/wp-content\/uploads\/2020\/02\/krone-logo.png\" alt=\"Client\"\/><\/div>\n<div class=\"col-xs-12 col-sm-2\"><img decoding=\"async\" src=\"http:\/\/www.gonczitrans.hu\/wp-content\/uploads\/2020\/02\/michelin-logo.png\" alt=\"Client\"\/><\/div>\n<div class=\"col-xs-12 col-sm-2\"><img decoding=\"async\" src=\"http:\/\/www.gonczitrans.hu\/wp-content\/uploads\/2020\/02\/full-sopron-logo.png\" alt=\"Client\"\/><\/div>\n<div class=\"col-xs-12 col-sm-2\"><img decoding=\"async\" src=\"http:\/\/www.gonczitrans.hu\/wp-content\/uploads\/2020\/02\/shell-logo.png\" alt=\"Client\"\/><\/div>\n<div class=\"col-xs-12 col-sm-2\"><img decoding=\"async\" src=\"http:\/\/www.gonczitrans.hu\/wp-content\/uploads\/2020\/02\/microsoft-logo.png\" alt=\"Client\"\/><\/div>\n<\/div>\n<\/div>\n<\/div>\n<\/div>\n<\/div><\/div><\/div><\/div><\/div><div id=\"pg-10-3\"  class=\"panel-grid panel-has-style\" ><div class=\"siteorigin-panels-stretch panel-row-style panel-row-style-for-10-3\" data-stretch-type=\"full\" ><div id=\"pgc-10-3-0\"  class=\"panel-grid-cell\" ><div id=\"panel-10-3-0-0\" class=\"so-panel widget widget_pw_number-counter widget-number-counter panel-first-child panel-last-child\" data-index=\"6\" >\n\n\t<div class=\"widget-number-counters\" data-speed=\"1000\">\n\t\t<div class=\"number-counter\">\n\t\t\t<i class=\"number-counter__icon  fa  fa-cogs\"><\/i>\n\t\t\t<div class=\"number-counter__number  js-number\" data-to=\"33\">00<\/div>\n\t\t\t<div class=\"number-counter__title\">Experience (years)<\/div>\n\t\t<\/div>\n\t\t<div class=\"number-counter\">\n\t\t\t<i class=\"number-counter__icon  fa  fa-truck\"><\/i>\n\t\t\t<div class=\"number-counter__number  js-number\" data-to=\"55\">00<\/div>\n\t\t\t<div class=\"number-counter__title\">Own vehicle<\/div>\n\t\t<\/div>\n\t\t<div class=\"number-counter\">\n\t\t\t<i class=\"number-counter__icon  fa  fa-users\"><\/i>\n\t\t\t<div class=\"number-counter__number  js-number\" data-to=\"70\">00<\/div>\n\t\t\t<div class=\"number-counter__title\">Our colleagues<\/div>\n\t\t<\/div>\n\t\t<div class=\"number-counter\">\n\t\t\t<i class=\"number-counter__icon  fa  fa-globe\"><\/i>\n\t\t\t<div class=\"number-counter__number  js-number\" data-to=\"19\">00<\/div>\n\t\t\t<div class=\"number-counter__title\">We ship to country<\/div>\n\t\t<\/div>\n\t<\/div>\n\n<\/div><\/div><\/div><\/div><div id=\"pg-10-4\"  class=\"panel-grid panel-has-style\" ><div class=\"siteorigin-panels-stretch panel-row-style panel-row-style-for-10-4\" data-stretch-type=\"full\" ><div id=\"pgc-10-4-0\"  class=\"panel-grid-cell panel-grid-cell-empty\" ><\/div><div id=\"pgc-10-4-1\"  class=\"panel-grid-cell panel-grid-cell-mobile-last\" ><div id=\"panel-10-4-1-0\" class=\"so-panel widget widget_sow-editor panel-first-child panel-last-child\" data-index=\"7\" ><div\n\t\t\t\n\t\t\tclass=\"so-widget-sow-editor so-widget-sow-editor-base\"\n\t\t\t\n\t\t>\n<div class=\"siteorigin-widget-tinymce textwidget\">\n\t<h3 style=\"text-align: center; font-size: 44px;\">OUR MISSION<\/h3>\n<p style=\"text-align: center;\"><span style=\"color: #ff7300;\"><strong>sen. G\u00e1bor G\u00f6nczi Managing Director, Founder<\/strong><\/span><\/p>\n<hr class=\"hr-quote\"\/>\n<p style=\"text-align: center;\">It is the mission of G\u00f6nczi Kft. to safely forward our customers\u2019 consignments to their destinations by deadline.<br \/>\nTo this end, the company is continuously improving its services, upgrading its means of transportation and training its staff.<\/p>\n<\/div>\n<\/div><\/div><\/div><div id=\"pgc-10-4-2\"  class=\"panel-grid-cell panel-grid-cell-empty\" ><\/div><\/div><\/div><div id=\"pg-10-5\"  class=\"panel-grid panel-has-style\" ><div class=\"siteorigin-panels-stretch panel-row-style panel-row-style-for-10-5\" data-stretch-type=\"full\" ><div id=\"pgc-10-5-0\"  class=\"panel-grid-cell\" ><div id=\"panel-10-5-0-0\" class=\"so-panel widget widget_pw_call_to_action widget-call-to-action panel-first-child panel-last-child\" data-index=\"8\" >\t\t\t\t<div class=\"call-to-action\">\n\t\t\t\t\t<div class=\"call-to-action__text\">\n\t\t\t\t\t\tHave a question, uncertain? We are happy to help you!\t\t\t\t\t<\/div>\n\t\t\t\t\t<div class=\"call-to-action__button\">\n\t\t\t\t\t\t<a class=\"btn    btn-info\" href=\"https:\/\/www.gonczitrans.hu\/en\/kapcsolat\/\" target=\"_self\">Contact<\/a>\t\t\t\t\t<\/div>\n\t\t\t\t<\/div>\n\t\t\t<\/div><\/div><\/div><\/div><\/div>","protected":false},"excerpt":{"rendered":"<p>A G\u00f6nczi Nemzetk\u00f6zi Sz\u00e1ll\u00edtm\u00e1nyoz\u00f3 Kft.-t a G\u00f6nczi csal\u00e1d alap\u00edtotta, t\u00f6bb mint 33 \u00e9vvel ezel\u0151tt. Fuvaroz\u00f3, fuvarszervez\u0151 \u00e9s rakt\u00e1roz\u00e1si tev\u00e9kenys\u00e9g\u00fcket csal\u00e1di v\u00e1llalkoz\u00e1sk\u00e9nt ind\u00edtott\u00e1k \u00e9s c\u00e9g\u00fcket ma is csal\u00e1di v\u00e1llalkoz\u00e1sk\u00e9nt vezeti m\u00e1r a m\u00e1sodik gener\u00e1ci\u00f3.<\/p>","protected":false},"author":2,"featured_media":0,"parent":0,"menu_order":0,"comment_status":"closed","ping_status":"open","template":"template-front-page-slider.php","meta":{"ngg_post_thumbnail":0},"acf":[],"_links":{"self":[{"href":"https:\/\/www.gonczitrans.hu\/en\/wp-json\/wp\/v2\/pages\/10"}],"collection":[{"href":"https:\/\/www.gonczitrans.hu\/en\/wp-json\/wp\/v2\/pages"}],"about":[{"href":"https:\/\/www.gonczitrans.hu\/en\/wp-json\/wp\/v2\/types\/page"}],"author":[{"embeddable":true,"href":"https:\/\/www.gonczitrans.hu\/en\/wp-json\/wp\/v2\/users\/2"}],"replies":[{"embeddable":true,"href":"https:\/\/www.gonczitrans.hu\/en\/wp-json\/wp\/v2\/comments?post=10"}],"version-history":[{"count":436,"href":"https:\/\/www.gonczitrans.hu\/en\/wp-json\/wp\/v2\/pages\/10\/revisions"}],"predecessor-version":[{"id":2311,"href":"https:\/\/www.gonczitrans.hu\/en\/wp-json\/wp\/v2\/pages\/10\/revisions\/2311"}],"wp:attachment":[{"href":"https:\/\/www.gonczitrans.hu\/en\/wp-json\/wp\/v2\/media?parent=10"}],"curies":[{"name":"wp","href":"https:\/\/api.w.org\/{rel}","templated":true}]}}