{"id":99,"date":"2015-04-23T12:38:18","date_gmt":"2015-04-23T12:38:18","guid":{"rendered":"https:\/\/xml-io.proteusthemes.com\/cargopress\/?page_id=99"},"modified":"2020-02-06T15:25:58","modified_gmt":"2020-02-06T15:25:58","slug":"cargo","status":"publish","type":"page","link":"https:\/\/www.gonczitrans.hu\/de\/szolgaltatasok\/cargo\/","title":{"rendered":"Nationale und Internationale Transporte"},"content":{"rendered":"<div id=\"pl-99\"  class=\"panel-layout\" ><div id=\"pg-99-0\"  class=\"panel-grid panel-no-style\" ><div id=\"pgc-99-0-0\"  class=\"panel-grid-cell\" ><div id=\"panel-99-0-0-0\" class=\"so-panel widget widget_sow-editor panel-first-child panel-last-child\" data-index=\"0\" ><div\n\t\t\t\n\t\t\tclass=\"so-widget-sow-editor so-widget-sow-editor-base\"\n\t\t\t\n\t\t>\n<div class=\"siteorigin-widget-tinymce textwidget\">\n\t<div class=\"textwidget\">\n<p>Die Aufgabe unseres mehrere Sprachen beherrschenden, flexiblen und verl\u00e4sslichen Transportorganisationsteams ist die Organisation, Koordinierung von kompletten, Sammeltransporten und Teilladungen, sowie der st\u00e4ndige Kontakt mit unseren Partnern und Fahrzeuglenkern. Unsere Soproner Niederlassung liegt in der N\u00e4he der \u00f6sterreichisch-ungarischen Grenze, so stellt sie einen Br\u00fcckenpfeiler im Warentransport zwischen Ungarn und Westeuropa dar.<\/p>\n<p>Unser Ziel ist, dass sich unsere Auftraggeber ruhig auf die t\u00e4glichen Aufgaben konzentrieren k\u00f6nnen, solange die Ware unterwegs ist und sie sich sicher sein k\u00f6nnen, dass die Ware p\u00fcnktlich, unversehrt und an die angegebene Adresse eintrifft.<\/p>\n<p><strong><img decoding=\"async\" loading=\"lazy\" class=\"alignnone wp-image-1008 size-medium\" src=\"http:\/\/www.gonczitrans.hu\/wp-content\/uploads\/2019\/05\/gt_3-300x200.jpeg\" alt=\"\" width=\"300\" height=\"200\" srcset=\"https:\/\/www.gonczitrans.hu\/wp-content\/uploads\/2019\/05\/gt_3-300x200.jpeg 300w, https:\/\/www.gonczitrans.hu\/wp-content\/uploads\/2019\/05\/gt_3-272x182.jpeg 272w, https:\/\/www.gonczitrans.hu\/wp-content\/uploads\/2019\/05\/gt_3.jpeg 360w\" sizes=\"(max-width: 300px) 100vw, 300px\" \/> <img decoding=\"async\" loading=\"lazy\" class=\"alignnone wp-image-1007 size-medium\" src=\"http:\/\/www.gonczitrans.hu\/wp-content\/uploads\/2019\/05\/gt_2-300x200.jpeg\" alt=\"\" width=\"300\" height=\"200\" srcset=\"https:\/\/www.gonczitrans.hu\/wp-content\/uploads\/2019\/05\/gt_2-300x200.jpeg 300w, https:\/\/www.gonczitrans.hu\/wp-content\/uploads\/2019\/05\/gt_2-272x182.jpeg 272w, https:\/\/www.gonczitrans.hu\/wp-content\/uploads\/2019\/05\/gt_2.jpeg 360w\" sizes=\"(max-width: 300px) 100vw, 300px\" \/><\/strong><\/p>\n<p><strong>Internationaler und inl\u00e4ndischer Warentransport<\/strong><\/p>\n<\/div>\n<div class=\"textwidget\">\n<p>Mit LKWs mit einem Gesamtgewicht von 24 Tonnen (34 Paletten); LKWs mit einem Gesamtgewicht von 12 Tonnen, mit einem Ladegewicht von 4,9 Tonnen (21 Paletten) und LKWs mit einem Gesamtgewicht von 3,5 Tonnen, einem Ladegewicht von 1,5 Tonnen (5 Paletten), die zu dem mit EURO 6 \u2013Motoren ausgestatteten Fahrzeugpark geh\u00f6ren, der ein Durchschnittsalter von weniger als  3 Jahren hat, mit umfassender Warenversicherung und Haftpflichtversicherung werden in t\u00e4glicher Regelm\u00e4\u00dfigkeit durchgef\u00fchrt:<\/p>\n<ul>\n<li>Automotiv-Transporte,<\/li>\n<li>Gefahrentransporte (ADR),<\/li>\n<li>Transporte mit hochwertigen Waren,<\/li>\n<li>Sammel-, Verteilungsaufgaben,<\/li>\n<li>\"Just In Time\" \u2013 Produktion bedienende Transporte,<\/li>\n<li>Werksversorgung zwischen Niederlassungen,<\/li>\n<li>ADR-Transporte,<\/li>\n<li>Eilwarentransporte,<\/li>\n<li>Bereitstellung von stand-by - Trailern<\/li>\n<\/ul>\n<p>Transporte im Inland und der Europ\u00e4ischen Union.<\/p>\n<p>Unsere st\u00e4ndigen Auftraggeber sind f\u00fchrende multinationale Firmen Westungarns, die Qualit\u00e4t, P\u00fcnktlichkeit und pr\u00e4zise Dienstleistung in den Vordergrund stellen. Unsere Spezialit\u00e4t ist die Lieferung von Waren der Autoindustriezulieferer mit Niederlassung in Ungarn im \"Just In Time\" \u2013 System in die europ\u00e4ischen Autoindustriewerke.&nbsp;<\/p>\n<p>Beginnend ab 2012 haben wir unsere regionale Anwesenheit in Richtung der direkten Nachbarl\u00e4nder, insbesondere \u00d6sterreich, die Slowakei, Slowenien und des Inlands im Bereich des Warentransports verst\u00e4rkt, sowohl im Bereich Komplett- oder Teilladung bzw. Sammelgut Ladungen.<\/p>\n<p>Wir bieten unsere Kunden mit Zus\u00e4tzliche Kapazit\u00e4ten auch Stand-by \u2013 Trailer an, die auch \u00fcbergangsweise als Lager funktionieren k\u00f6nnen. Dadurch k\u00f6nnen wir interne logistische Prozesse flie\u00dfender und reibungsloser gemacht werden und die Ausnutzung von Lade- und Lagerkapazit\u00e4t optimiert werden.<\/p>\n<p>F\u00fcr unsere Vertragspartner gew\u00e4hrleisten wir individuelle, pers\u00f6nlich abgestimmte Tarifs\u00e4tze und Fristen. Bei fallweisen Auftr\u00e4gen stehen unseren Partnern spezielle pers\u00f6nliche Speditionskollegen f\u00fcr die Dauer des gesamten Frachtauftrags zur Verf\u00fcgung.<\/p>\n<p><strong>Versicherung<\/strong><\/p>\n<p>Der Sicherheit unserer Auftraggeber dient, dass sie f\u00fcr den Fall von w\u00e4hrend der logistischen T\u00e4tigkeit aus eventuellen Lieferfehlern entstandenen Schadensf\u00e4llen \u00fcber eine \u201eSpediteurhaftpflichtversicherung\u201c verf\u00fcgen, die durch hier Klicken eingesehen werden kann. <a href=\"#\">Hier klicken!<\/a>.<\/p>\n<p><strong>Schadens-\/Besch\u00e4digungsfrei-Index von 0,09%<\/strong><\/p>\n<\/div>\n<\/div>\n<\/div><\/div><\/div><\/div><\/div>","protected":false},"excerpt":{"rendered":"<p>T\u00f6bb nyelven besz\u00e9l\u0151, rugalmas \u00e9s megb\u00edzhat\u00f3 fuvarszervez\u0151 csapatuk feladata a komplett, gy\u0171jt\u0151fuvarok \u00e9s r\u00e9szrakom\u00e1nyok szervez\u00e9se, koordin\u00e1l\u00e1sa valamint a folyamatos kapcsolattart\u00e1s partnereinkkel \u00e9s g\u00e9pj\u00e1rm\u0171vezet\u0151ikkel. Soproni telephely\u00fck az osztr\u00e1k-magyar hat\u00e1r k\u00f6zel\u00e9ben fekszik, \u00edgy h\u00eddf\u0151\u00e1ll\u00e1st k\u00e9pez Magyarorsz\u00e1g \u00e9s Nyugat-Eur\u00f3pa k\u00f6z\u00f6tti \u00e1rufuvaroz\u00e1s\u00e1ban. C\u00e9ljuk, hogy megb\u00edz\u00f3ik nyugodtan tudjanak a napi feladataikra koncentr\u00e1lni m\u00edg az \u00e1ru \u00faton van \u00e9s biztosak lehessenek &hellip;<\/p>","protected":false},"author":2,"featured_media":815,"parent":76,"menu_order":0,"comment_status":"closed","ping_status":"open","template":"","meta":{"ngg_post_thumbnail":0},"acf":[],"_links":{"self":[{"href":"https:\/\/www.gonczitrans.hu\/de\/wp-json\/wp\/v2\/pages\/99"}],"collection":[{"href":"https:\/\/www.gonczitrans.hu\/de\/wp-json\/wp\/v2\/pages"}],"about":[{"href":"https:\/\/www.gonczitrans.hu\/de\/wp-json\/wp\/v2\/types\/page"}],"author":[{"embeddable":true,"href":"https:\/\/www.gonczitrans.hu\/de\/wp-json\/wp\/v2\/users\/2"}],"replies":[{"embeddable":true,"href":"https:\/\/www.gonczitrans.hu\/de\/wp-json\/wp\/v2\/comments?post=99"}],"version-history":[{"count":73,"href":"https:\/\/www.gonczitrans.hu\/de\/wp-json\/wp\/v2\/pages\/99\/revisions"}],"predecessor-version":[{"id":1967,"href":"https:\/\/www.gonczitrans.hu\/de\/wp-json\/wp\/v2\/pages\/99\/revisions\/1967"}],"up":[{"embeddable":true,"href":"https:\/\/www.gonczitrans.hu\/de\/wp-json\/wp\/v2\/pages\/76"}],"wp:featuredmedia":[{"embeddable":true,"href":"https:\/\/www.gonczitrans.hu\/de\/wp-json\/wp\/v2\/media\/815"}],"wp:attachment":[{"href":"https:\/\/www.gonczitrans.hu\/de\/wp-json\/wp\/v2\/media?parent=99"}],"curies":[{"name":"wp","href":"https:\/\/api.w.org\/{rel}","templated":true}]}}