{"id":576,"date":"2017-09-28T13:31:07","date_gmt":"2017-09-28T13:31:07","guid":{"rendered":"http:\/\/www.gonczitrans.hu\/?page_id=576"},"modified":"2021-01-31T21:01:27","modified_gmt":"2021-01-31T21:01:27","slug":"impresszum","status":"publish","type":"page","link":"https:\/\/www.gonczitrans.hu\/de\/impresszum\/","title":{"rendered":"Impresszum"},"content":{"rendered":"<table>\n<tbody>\n<tr>\n<td height=\"50\"><strong>Insgesamt<\/strong><\/td>\n<td>&nbsp;<\/td>\n<td>&nbsp;<\/td>\n<\/tr>\n<tr>\n<td>Firmenname:<\/td>\n<td>G\u00d6NCZI Kft.<\/td>\n<\/tr>\n<tr>\n<td>Hauptsitz:<\/td>\n<td>H-9400 Sopron, Szappanf\u0151z\u0151 krt. 10.<\/td>\n<\/tr>\n<tr>\n<td>Ort:<\/td>\n<td>H-9400 Sopron, Szappanf\u0151z\u0151 krt. 10.<\/td>\n<\/tr>\n<tr>\n<td>Postac\u00edm:<\/td>\n<td>H-9400 Sopron, Szappanf\u0151z\u0151 krt. 10.<\/td>\n<\/tr>\n<tr>\n<td>Telefon:<\/td>\n<td>+ 36 99 508 962, + 36 99 324 888<\/td>\n<\/tr>\n<tr>\n<td>Fax:<\/td>\n<td>+ 36 99 508 963<\/td>\n<\/tr>\n<tr>\n<td>C\u00e9gbejegyz\u00e9s sz\u00e1ma:&nbsp;<\/td>\n<td>Cg. 08-09-006132\/55<\/td>\n<\/tr>\n<tr>\n<td>Steuernummer:<\/td>\n<td>11462400-2-08<\/td>\n<\/tr>\n<tr>\n<td>Steuernummer:<\/td>\n<td>HU 11462400<\/td>\n<\/tr>\n<\/tbody>\n<\/table>","protected":false},"excerpt":{"rendered":"<p>\u00c1ltal\u00e1nos &nbsp; &nbsp; C\u00e9gn\u00e9v: G\u00d6NCZI Kft. Sz\u00e9khely: H-9400 Sopron, Szappanf\u0151z\u0151 krt. 10. Telephely: H-9400 Sopron, Szappanf\u0151z\u0151 krt. 10. Postac\u00edm: H-9400 Sopron, Szappanf\u0151z\u0151 krt. 10. Telefon: + 36 99 508 962, + 36 99 324 888 Fax: + 36 99 508 963 C\u00e9gbejegyz\u00e9s sz\u00e1ma:&nbsp; Cg. 08-09-006132\/55 Ad\u00f3sz\u00e1m: 11462400-2-08 EU Ad\u00f3sz\u00e1m: HU 11462400<\/p>","protected":false},"author":2,"featured_media":0,"parent":0,"menu_order":0,"comment_status":"closed","ping_status":"closed","template":"","meta":{"ngg_post_thumbnail":0},"acf":[],"_links":{"self":[{"href":"https:\/\/www.gonczitrans.hu\/de\/wp-json\/wp\/v2\/pages\/576"}],"collection":[{"href":"https:\/\/www.gonczitrans.hu\/de\/wp-json\/wp\/v2\/pages"}],"about":[{"href":"https:\/\/www.gonczitrans.hu\/de\/wp-json\/wp\/v2\/types\/page"}],"author":[{"embeddable":true,"href":"https:\/\/www.gonczitrans.hu\/de\/wp-json\/wp\/v2\/users\/2"}],"replies":[{"embeddable":true,"href":"https:\/\/www.gonczitrans.hu\/de\/wp-json\/wp\/v2\/comments?post=576"}],"version-history":[{"count":10,"href":"https:\/\/www.gonczitrans.hu\/de\/wp-json\/wp\/v2\/pages\/576\/revisions"}],"predecessor-version":[{"id":1797,"href":"https:\/\/www.gonczitrans.hu\/de\/wp-json\/wp\/v2\/pages\/576\/revisions\/1797"}],"wp:attachment":[{"href":"https:\/\/www.gonczitrans.hu\/de\/wp-json\/wp\/v2\/media?parent=576"}],"curies":[{"name":"wp","href":"https:\/\/api.w.org\/{rel}","templated":true}]}}