{"id":570,"date":"2017-09-28T13:27:16","date_gmt":"2017-09-28T13:27:16","guid":{"rendered":"http:\/\/www.gonczitrans.hu\/?page_id=570"},"modified":"2021-01-31T21:01:26","modified_gmt":"2021-01-31T21:01:26","slug":"cegprofil","status":"publish","type":"page","link":"https:\/\/www.gonczitrans.hu\/de\/cegprofil\/","title":{"rendered":"Firmenprofil"},"content":{"rendered":"<div id=\"pl-570\"  class=\"panel-layout\" ><div id=\"pg-570-0\"  class=\"panel-grid panel-no-style\" ><div id=\"pgc-570-0-0\"  class=\"panel-grid-cell\" ><div id=\"panel-570-0-0-0\" class=\"so-panel widget widget_black-studio-tinymce widget_black_studio_tinymce panel-first-child panel-last-child\" data-index=\"0\" ><div class=\"textwidget\"><table>\n<tbody>\n<tr>\n<td height=\"50\"><strong>Insgesamt<\/strong><\/td>\n<td>&nbsp;<\/td>\n<td>&nbsp;<\/td>\n<\/tr>\n<tr>\n<td>Firmenname:<\/td>\n<td>G\u00d6NCZI Kft.<\/td>\n<\/tr>\n<tr>\n<td>Hauptsitz:<\/td>\n<td>H-9400 Sopron, Szappanf\u0151z\u0151 krt. 10.<\/td>\n<\/tr>\n<tr>\n<td>Ort:<\/td>\n<td>H-9400 Sopron, Szappanf\u0151z\u0151 krt. 10.<\/td>\n<\/tr>\n<tr>\n<td>Gr\u00fcndungsjahr:<\/td>\n<td>1987<\/td>\n<\/tr>\n<tr>\n<td>Gesch\u00e4ftsf\u00fchrer:<\/td>\n<td>G\u00f6nczi G\u00e1bor<\/td>\n<\/tr>\n<tr>\n<td>Besitzer:<\/td>\n<td>Familie G\u00f6nczi<\/td>\n<\/tr>\n<tr>\n<td>Qualit\u00e4tssystem:&nbsp;<\/td>\n<td><a class=\"lightbox-processed\" href=\"http:\/\/gonczitrans.openwork.hu\/iso\/GONCZI_Kft_EX-1570.19_QMS_CERT_ENG_2019.pdf\" target=\"_blank\" rel=\"lightbox noopener\">E.COM CERT \/ MSZ EN ISO 9001:2015<\/a><\/td>\n<\/tr>\n<tr>\n<td>Steuernummer:<\/td>\n<td>11462400-2-08<\/td>\n<\/tr>\n<tr>\n<td>Steuernummer:<\/td>\n<td>HU 11462400<\/td>\n<\/tr>\n<tr>\n<td>DUNS-Nummer:<\/td>\n<td>401503032<\/td>\n<\/tr>\n<tr>\n<td>Timocom Nummer:<\/td>\n<td>056836<\/td>\n<\/tr>\n<\/tbody>\n<\/table>\n<\/div><\/div><\/div><\/div><\/div>","protected":false},"excerpt":{"rendered":"<p>\u00c1ltal\u00e1nos &nbsp; &nbsp; C\u00e9gn\u00e9v: G\u00d6NCZI Kft. Sz\u00e9khely: H-9400 Sopron, Szappanf\u0151z\u0151 krt. 10. Telephely: H-9400 Sopron, Szappanf\u0151z\u0151 krt. 10. Alap\u00edt\u00e1s \u00e9ve: 1987 \u00dcgyvezet\u0151: G\u00f6nczi G\u00e1bor Tulajdonos: G\u00f6nczi Csal\u00e1d Min\u0151s\u00e9g\u00fcgyi rendszer:&nbsp; E.COM CERT \/ MSZ EN ISO 9001:2015 Ad\u00f3sz\u00e1m: 11462400-2-08 EU Ad\u00f3sz\u00e1m: HU 11462400 DUNS sz\u00e1m : 401503032 Timocom sz\u00e1m: 056836<\/p>","protected":false},"author":2,"featured_media":0,"parent":0,"menu_order":0,"comment_status":"closed","ping_status":"closed","template":"","meta":{"ngg_post_thumbnail":0},"acf":[],"_links":{"self":[{"href":"https:\/\/www.gonczitrans.hu\/de\/wp-json\/wp\/v2\/pages\/570"}],"collection":[{"href":"https:\/\/www.gonczitrans.hu\/de\/wp-json\/wp\/v2\/pages"}],"about":[{"href":"https:\/\/www.gonczitrans.hu\/de\/wp-json\/wp\/v2\/types\/page"}],"author":[{"embeddable":true,"href":"https:\/\/www.gonczitrans.hu\/de\/wp-json\/wp\/v2\/users\/2"}],"replies":[{"embeddable":true,"href":"https:\/\/www.gonczitrans.hu\/de\/wp-json\/wp\/v2\/comments?post=570"}],"version-history":[{"count":41,"href":"https:\/\/www.gonczitrans.hu\/de\/wp-json\/wp\/v2\/pages\/570\/revisions"}],"predecessor-version":[{"id":1988,"href":"https:\/\/www.gonczitrans.hu\/de\/wp-json\/wp\/v2\/pages\/570\/revisions\/1988"}],"wp:attachment":[{"href":"https:\/\/www.gonczitrans.hu\/de\/wp-json\/wp\/v2\/media?parent=570"}],"curies":[{"name":"wp","href":"https:\/\/api.w.org\/{rel}","templated":true}]}}