{"id":232,"date":"2015-05-07T13:27:36","date_gmt":"2015-05-07T13:27:36","guid":{"rendered":"https:\/\/xml-io.proteusthemes.com\/cargopress\/?page_id=232"},"modified":"2025-03-26T16:51:30","modified_gmt":"2025-03-26T16:51:30","slug":"rolunk","status":"publish","type":"page","link":"https:\/\/www.gonczitrans.hu\/de\/rolunk\/","title":{"rendered":"\u00dcber uns"},"content":{"rendered":"<div id=\"pl-232\"  class=\"panel-layout\" ><div id=\"pg-232-0\"  class=\"panel-grid panel-no-style\" ><div id=\"pgc-232-0-0\"  class=\"panel-grid-cell\" ><div id=\"panel-232-0-0-0\" class=\"so-panel widget widget_black-studio-tinymce widget_black_studio_tinymce panel-first-child panel-last-child\" data-index=\"0\" ><div class=\"textwidget\"><p><strong>Vorstellung<\/strong><br \/>\nDie Firma \u201eG\u00f6nczi Nemzetk\u00f6zi Sz\u00e1ll\u00edtm\u00e1nyoz\u00f3 Kft.\u201d [G\u00f6nczi Internationale Speditions GmbH] wurde von der Familie G\u00f6ncz vor mehr als 25 Jahren gegr\u00fcndet. Die Transport-, Transportorganisations- und Lagert\u00e4tigkeiten wurden als Familienunternehmen begonnen und die Firma wird auch heute als Familienunternehmen bereits in der zweiten Generation gef\u00fchrt.<br \/>\nDie Familie G\u00f6nczi verschreibt sich seit der Gr\u00fcndung der st\u00e4ndigen Entwicklung und der kompromisslosen, qualitativ hochwertigen Dienstleistung. Deshalb werden die vier strategischen Zweige der Firma: Transportorganisation, Lagert\u00e4tigkeit, Finanzwesen und Firmenleitung pers\u00f6nlich geleitet. Die Partner k\u00f6nnen nat\u00fcrlich im Interesse von Besprechungen in hilfsbereiter Atmosph\u00e4re ohne \u00fcberfl\u00fcssige Umwege, Verbindungen und Wartezeiten direkt Kontakt mit uns aufnehmen.<\/p>\n<p><strong>Wir arbeiten f\u00fcr die wichtigsten Gesch\u00e4ftsziele unserer Kunden<\/strong><br \/>\nDie Fa. G\u00f6nczi Kft. arbeitet mit anerkannter Verl\u00e4sslichkeit und ausgezeichneten Ergebnissen f\u00fcr ihre Kunden, in dessen Ergebnis sie 2008 trotz der Krise um neue Bestellungen der Autoindustrie erweitert wurde. Aufgrund der Anspr\u00fcche unserer Kunden besch\u00e4ftigen wir uns ferner seit 2013 mit dem Betrieb von LKWs mit Ladebordwand, Distributionsarbeiten und seit 2015 mit dem Betrieb eines Lagers f\u00fcr die Autoindustrie.<\/p>\n<p><strong>Umweltschutz und aufrechterhaltbare Entwicklung<\/strong><br \/>\nDie Fa. G\u00f6nczi Kft. verschreibt sich fest dem Umweltschutz. Mit unserem verantwortungsbewussten Denken leisten wir auch auf Unternehmerebene unseren Beitrag zur Schaffung einer saubereren, lebenswerteren, ges\u00fcnderen Welt. Gefahren f\u00fcr die Natur, Gesundheit, Sicherheit werden unverz\u00fcglich identifiziert und beseitigt. Unser eigener, mit EURO 6 \u2013 Motoren ausgestatteter Fahrzeugpark mit Fahrzeugen, die nicht \u00e4lter als 3 Jahre sind, mit unserem Anreizsystem zum Kraftstoffsparen, der selektiven Altstoffsammlung leisten wir unseren Beitrag zur Verringerung der \u00f6kologischen Fu\u00dfspuren. Unseren Subunternehmern stellen wir unsere Umweltschutznormen vor und lassen diese von ihnen akzeptieren, damit der umweltfreundlichen Bedienung unserer Partner beitragend.<\/p>\n<p><strong>Qualit\u00e4tssicherung<\/strong><br \/>\nIm Interesse der st\u00e4ndigen Perfektionierung der Dienstleistungen der Fa. G\u00f6nczi Kft. entwickeln wir unser Unternehmenssteuerungssystem und internen Prozesse weiter, wobei wir die sich erneuernden Erwartungen unserer Partner besonders ber\u00fccksichtigen. Das hohe Niveau unserer fachlichen T\u00e4tigkeit wird vom Qualit\u00e4tssicherungssystem E.COM CERT \/ MSZ EN ISO 9001:2015 garantiert.<\/p>\n<p><strong>Mission<\/strong><br \/>\nZiel der Fa. G\u00f6nczi Kft. ist es, die Lieferungen unserer Partner immer sicher, fristgerecht zum Zielpunkt zu bringen. Im Interesse dessen entwickeln wir unsere Dienstleistungen, Transportmittel, bilden unsere Mitarbeiter st\u00e4ndig weiter.<\/p>\n<p><strong>Zukunftsbild<\/strong><br \/>\nZiel der Fa. G\u00f6nczi Kft. ist neben der Bewahrung der Familienwerte, unseren Partnern verl\u00e4sslich und auf umweltfreundliche Weise professionelle logistische Dienstleistungen zu gew\u00e4hrleisten. Sich st\u00fctzend auf unseren sich immer mannigfaltiger erweiternden Fahrzeugpark, unser einzigartiges Fachwissen und Marktkenntnisse nehmen wir die Stelle eines Br\u00fcckenpfeilers im Warentransport zwischen Ungarn und Westeuropa ein.<\/p>\n<p><strong>Meilensteine der Entwicklung der Fa. G\u00f6nczi Kft. von 1987 bis in unsere Tage<\/strong><\/p>\n<p><a href=\"http:\/\/gonczitrans.openwork.hu\/idovonal\/\">Hier klicken!<\/a><\/p>\n<\/div><\/div><\/div><div id=\"pgc-232-0-1\"  class=\"panel-grid-cell\" ><div id=\"panel-232-0-1-0\" class=\"so-panel widget widget_black-studio-tinymce widget_black_studio_tinymce panel-first-child panel-last-child\" data-index=\"1\" ><div class=\"textwidget\"><p><img class=\"alignnone wp-image-747 size-full\" src=\"https:\/\/www.gonczitrans.hu\/wp-content\/uploads\/2015\/05\/rolunk_01.jpg\" alt=\"\" width=\"848\" height=\"480\"><\/p>\n<p><img class=\"alignnone wp-image-1798 size-full\" src=\"https:\/\/www.gonczitrans.hu\/wp-content\/uploads\/2015\/05\/rolunk_03.jpg\" alt=\"\" width=\"848\" height=\"480\"><\/p>\n<p>&nbsp;<\/p>\n<\/div><\/div><\/div><\/div><\/div>","protected":false},"excerpt":{"rendered":"<p>Bemutatkoz\u00e1s A G\u00f6nczi Nemzetk\u00f6zi Sz\u00e1ll\u00edtm\u00e1nyoz\u00f3 Kft.-t a G\u00f6nczi csal\u00e1d alap\u00edtotta, t\u00f6bb mint 25 \u00e9vvel ezel\u0151tt. Fuvaroz\u00f3, fuvarszervez\u0151 \u00e9s rakt\u00e1roz\u00e1si tev\u00e9kenys\u00e9g\u00fcket csal\u00e1di v\u00e1llalkoz\u00e1sk\u00e9nt ind\u00edtott\u00e1k \u00e9s c\u00e9g\u00fcket ma is csal\u00e1di v\u00e1llalkoz\u00e1sk\u00e9nt vezeti m\u00e1r a m\u00e1sodik gener\u00e1ci\u00f3. A G\u00f6nczi csal\u00e1d az alap\u00edt\u00e1sa \u00f3ta elk\u00f6telezett a folyamatos fejl\u0151d\u00e9s \u00e9s a kompromisszummentes, min\u0151s\u00e9gi szolg\u00e1ltat\u00e1s mellett. Ez\u00e9rt a c\u00e9g n\u00e9gy strat\u00e9giai &hellip;<\/p>","protected":false},"author":2,"featured_media":0,"parent":0,"menu_order":0,"comment_status":"closed","ping_status":"open","template":"","meta":{"ngg_post_thumbnail":0},"acf":[],"_links":{"self":[{"href":"https:\/\/www.gonczitrans.hu\/de\/wp-json\/wp\/v2\/pages\/232"}],"collection":[{"href":"https:\/\/www.gonczitrans.hu\/de\/wp-json\/wp\/v2\/pages"}],"about":[{"href":"https:\/\/www.gonczitrans.hu\/de\/wp-json\/wp\/v2\/types\/page"}],"author":[{"embeddable":true,"href":"https:\/\/www.gonczitrans.hu\/de\/wp-json\/wp\/v2\/users\/2"}],"replies":[{"embeddable":true,"href":"https:\/\/www.gonczitrans.hu\/de\/wp-json\/wp\/v2\/comments?post=232"}],"version-history":[{"count":58,"href":"https:\/\/www.gonczitrans.hu\/de\/wp-json\/wp\/v2\/pages\/232\/revisions"}],"predecessor-version":[{"id":2384,"href":"https:\/\/www.gonczitrans.hu\/de\/wp-json\/wp\/v2\/pages\/232\/revisions\/2384"}],"wp:attachment":[{"href":"https:\/\/www.gonczitrans.hu\/de\/wp-json\/wp\/v2\/media?parent=232"}],"curies":[{"name":"wp","href":"https:\/\/api.w.org\/{rel}","templated":true}]}}