{"id":2178,"date":"2022-02-14T16:22:58","date_gmt":"2022-02-14T16:22:58","guid":{"rendered":"https:\/\/www.gonczitrans.hu\/?page_id=2178"},"modified":"2024-11-13T08:58:05","modified_gmt":"2024-11-13T08:58:05","slug":"palyazat","status":"publish","type":"page","link":"https:\/\/www.gonczitrans.hu\/de\/palyazat\/","title":{"rendered":"Gef\u00f6rderte Projekte"},"content":{"rendered":"<p><img decoding=\"async\" loading=\"lazy\" class=\"alignnone wp-image-2220 size-full\" src=\"https:\/\/www.gonczitrans.hu\/wp-content\/uploads\/2022\/06\/MFF-kedvezmenyezetti-infoblokk-1.png\" alt=\"\" width=\"640\" height=\"166\" srcset=\"https:\/\/www.gonczitrans.hu\/wp-content\/uploads\/2022\/06\/MFF-kedvezmenyezetti-infoblokk-1.png 640w, https:\/\/www.gonczitrans.hu\/wp-content\/uploads\/2022\/06\/MFF-kedvezmenyezetti-infoblokk-1-300x78.png 300w, https:\/\/www.gonczitrans.hu\/wp-content\/uploads\/2022\/06\/MFF-kedvezmenyezetti-infoblokk-1-18x5.png 18w\" sizes=\"(max-width: 640px) 100vw, 640px\" \/><\/p>\n<p><strong style=\"font-size: revert; color: initial;\">i. a kedvezm\u00e9nyezett neve: G\u00f6nczi Kereskedelmi, Fuvaroz\u00f3, Sz\u00e1ll\u00edtm\u00e1nyoz\u00f3 \u00e9s Szolg\u00e1ltat\u00f3 Kft.<\/strong><\/p>\n<p><strong>ii. a fejleszt\u00e9s t\u00e1rgya, c\u00e9lja: Komplex beruh\u00e1z\u00e1s a G\u00f6nczi Kft. soproni telephely\u00e9n<\/strong><\/p>\n<p><strong>iii. <span data-olk-copy-source=\"MessageBody\">az eur\u00f3pai uni\u00f3s t\u00e1mogat\u00e1s \u00f6sszege: <\/span>102 999 591 Ft<\/strong><\/p>\n<p><strong>iv. a projekt tartalm\u00e1nak r\u00e9szletes bemutat\u00e1sa:<\/strong> A G\u00f6nczi Kft. 2015-t\u0151l ny\u00fajt kifog\u00e1stalan sz\u00ednvonal\u00fa, komplex rakt\u00e1roz\u00e1si szolg\u00e1ltat\u00e1sokat aut\u00f3- \u00e9s egy\u00e9b ipar\u00e1gi partnereinek, az al\u00e1bbi ter\u00fcleten: Disztrib\u00faci\u00f3, Track and trace lehet\u0151s\u00e9g, T\u00f6mb\u00f6s t\u00e1rhely lehet\u0151s\u00e9g, FIFO rendszer\u0171 kiszolg\u00e1l\u00e1s, Szakk\u00e9pzett rakt\u00e1ros csapat, R\u00f6vid \u00e9s hossz\u00fa t\u00e1v\u00fa t\u00e1rol\u00e1s, Komplex logisztikai szolg\u00e1ltat\u00e1sok, Rakod\u00e1si lehet\u0151s\u00e9g r\u00e1mp\u00e1r\u00f3l \u00e9s belt\u00e9ren is, Kont\u00e9nerek ki-berakod\u00e1sa, k\u00e9zi rakod\u00e1ssal is. A v\u00e1llalat \u00e9vr\u0151l \u00e9vre megval\u00f3sul\u00f3 fejl\u0151d\u00e9si dinamik\u00e1j\u00e1nak megfelel\u0151en, egyre t\u00f6bb \u00e9s nagyobb volumen\u0171 megb\u00edz\u00e1st kap a rakt\u00e1roz\u00e1s tevek\u00e9nys\u00e9gi k\u00f6r\u00e9ben is. \u00cdgy a v\u00e1llalkoz\u00e1s versenyk\u00e9pess\u00e9g\u00e9nek meg\u0151rz\u00e9s\u00e9hez elengedhetetlenn\u00e9 v\u00e1lik a jelenlegi kapacit\u00e1sok b\u0151v\u00edt\u00e9se.<\/p>\n<p><strong>A Sopronban megval\u00f3sul\u00f3 fejleszt\u00e9s sor\u00e1n az G\u00f6nczi Kft. rakt\u00e1roz\u00e1si, t\u00e1rol\u00e1si technol\u00f3gi\u00e1j\u00e1t k\u00edv\u00e1nja fejleszteni a k\u00f6vetkez\u0151 projektelemekkel:<\/strong><\/p>\n<ol>\n<li>3570 nm rakt\u00e1rcsarnok \u00e9p\u00edt\u00e9s<\/li>\n<li>Eszk\u00f6zbeszerz\u00e9s keret\u00e9ben: MPB Jungheinrich soros \u00e1llv\u00e1nyrendszer beszerz\u00e9se<\/li>\n<li>A CO2-l\u00e1bnyom cs\u00f6kkent\u00e9se \u00e9rdek\u00e9ben ki\u00e9p\u00edt\u00e9sre ker\u00fcl egy 3 nm s\u00edk napkollektor rendszer<\/li>\n<li>A komplex projekt sor\u00e1n a v\u00e1llalat Konfliktus kezel\u00e9s tr\u00e9ninget is megval\u00f3s\u00edt.<\/li>\n<li>Illetve a projekt keret\u00e9ben \u201eMunkav\u00e1llal\u00f3i \u00e9rt\u00e9kel\u00e9si rendszerek (pl.: elk\u00f6telezetts\u00e9gi-, el\u00e9gedetts\u00e9gi-, teljes\u00edtm\u00e9ny \u00e9rt\u00e9kel\u00e9si rendszerek) kialak\u00edt\u00e1sa\u201d tan\u00e1csad\u00e1s val\u00f3sul meg<\/li>\n<\/ol>\n<p>A fejleszt\u00e9s eredm\u00e9nyek\u00e9nt b\u0151v\u00fcl a v\u00e1llalkoz\u00e1s rakt\u00e1rkapacit\u00e1sa \u00e9s g\u00e9pparkja, amely lehet\u0151v\u00e9 teszi \u00fajabb megrendel\u0151k kiszolg\u00e1l\u00e1s\u00e1t, illetve a rugalmasabb kapacit\u00e1skihaszn\u00e1l\u00e1st. Ezek eredm\u00e9nyek\u00e9nt egy\u00e9rtelm\u0171en javul a v\u00e1llalkoz\u00e1s versenyk\u00e9pess\u00e9ge, n\u00f6vekszik az \u00e1rbev\u00e9tel \u00e9s a brutt\u00f3 hozz\u00e1adott \u00e9rt\u00e9k.<\/p>\n<p><strong>v. a projekt tervezett befejez\u00e9si d\u00e1tuma: 2024.02.16.<\/strong><\/p>\n<p><strong>A GINOP_PLUSZ-1.2.3-21-2022-0408 az Eur\u00f3pai Uni\u00f3 t\u00e1rsfinansz\u00edroz\u00e1s\u00e1val val\u00f3sult meg.<\/strong><\/p>\n<hr>\n<p><img decoding=\"async\" loading=\"lazy\" class=\"alignnone wp-image-2182 size-medium\" src=\"https:\/\/www.gonczitrans.hu\/wp-content\/uploads\/2022\/02\/infoblokk__erfa-300x207.png\" alt=\"\" width=\"300\" height=\"207\" srcset=\"https:\/\/www.gonczitrans.hu\/wp-content\/uploads\/2022\/02\/infoblokk__erfa-300x207.png 300w, https:\/\/www.gonczitrans.hu\/wp-content\/uploads\/2022\/02\/infoblokk__erfa-768x531.png 768w, https:\/\/www.gonczitrans.hu\/wp-content\/uploads\/2022\/02\/infoblokk__erfa-1024x708.png 1024w, https:\/\/www.gonczitrans.hu\/wp-content\/uploads\/2022\/02\/infoblokk__erfa-18x12.png 18w, https:\/\/www.gonczitrans.hu\/wp-content\/uploads\/2022\/02\/infoblokk__erfa-100x70.png 100w, https:\/\/www.gonczitrans.hu\/wp-content\/uploads\/2022\/02\/infoblokk__erfa-600x415.png 600w, https:\/\/www.gonczitrans.hu\/wp-content\/uploads\/2022\/02\/infoblokk__erfa.png 1453w\" sizes=\"(max-width: 300px) 100vw, 300px\" \/><\/p>\n<p><strong style=\"font-size: revert; color: initial;\">Meg\u00fajul\u00f3 energia haszn\u00e1lat\u00e1t c\u00e9lz\u00f3 \u00e9p\u00fcletenergetikai fejleszt\u00e9s a G\u00f6nczi Kft-n\u00e9l:<\/strong><\/p>\n<div class=\"textwidget\">\n<p>Az Eur\u00f3pai Uni\u00f3 \u00e9s a Magyar Korm\u00e1ny finansz\u00edroz\u00e1s\u00e1val a G\u00f6nczi Kereskedelmi, Fuvaroz\u00f3, Sz\u00e1ll\u00edtm\u00e1nyoz\u00f3 \u00e9s Szolg\u00e1ltat\u00f3 Korl\u00e1tolt Felel\u0151ss\u00e9g\u0171 T\u00e1rsas\u00e1g 3,08 milli\u00f3 Forint vissza nem t\u00e9r\u00edtend\u0151 t\u00e1mogat\u00e1st nyert a \u201eMeg\u00fajul\u00f3 energia haszn\u00e1lat\u00e1t, energiahat\u00e9konys\u00e1g n\u00f6vel\u00e9s\u00e9t c\u00e9lz\u00f3 \u00e9p\u00fcletenergetikai fejleszt\u00e9sek t\u00e1mogat\u00e1sa\u201d c\u00edm\u0171 p\u00e1ly\u00e1zati ki\u00edr\u00e1son a Gazdas\u00e1gi \u00e9s Innov\u00e1ci\u00f3s Operat\u00edv Program keret\u00e9ben. Az 5,6 milli\u00f3 Forint \u00f6sszk\u00f6lts\u00e9gvet\u00e9s\u0171 projektb\u0151l a v\u00e1llalkoz\u00e1s m\u0171k\u00f6d\u00e9s\u00e9vel kapcsolatos \u00e1ltal\u00e1nos (rezsi) k\u00f6lts\u00e9gek cs\u00f6kkent\u00e9se, ezen bel\u00fcl is a villamos energia haszn\u00e1lat kiad\u00e1sainak minimaliz\u00e1l\u00e1sa val\u00f3sult meg napelemes rendszer telep\u00edt\u00e9s\u00e9vel.<\/p>\n<p>A projekt sor\u00e1n a v\u00e1llalkoz\u00e1s telephely\u00e9n telep\u00edt\u00e9sre ker\u00fclt egy napelemes rendszer, melynek n\u00e9vleges teljes\u00edtm\u00e9nye 16,875 kWp.<\/p>\n<p><u>Projektadatok:<\/u><\/p>\n<p>K\u00f3dsz\u00e1ma: GINOP-4.1.4-19-2020-02698<\/p>\n<p>C\u00edme: Meg\u00fajul\u00f3 energia haszn\u00e1lat\u00e1t c\u00e9lz\u00f3 \u00e9p\u00fcletenergetikai fejleszt\u00e9s a G\u00f6nczi Kft-n\u00e9l<\/p>\n<p>T\u00e1mogat\u00e1s m\u00e9rt\u00e9ke: 55 %<\/p>\n<p>Projekt elsz\u00e1molhat\u00f3 \u00f6sszk\u00f6lts\u00e9ge: 5.605.412 Ft<\/p>\n<p>Szerz\u0151d\u00f6tt t\u00e1mogat\u00e1s \u00f6sszege: 3.082.976 Ft<\/p>\n<p>Projekt megval\u00f3s\u00edt\u00e1s\u00e1nak kezdete: 2021.03.08.<\/p>\n<p>Projekt fizikai befejez\u00e9se: 2022.01.12.<\/p>\n<\/div>\n<div class=\"textwidget\">&nbsp;<\/div>","protected":false},"excerpt":{"rendered":"<p>i. a kedvezm\u00e9nyezett neve: G\u00f6nczi Kereskedelmi, Fuvaroz\u00f3, Sz\u00e1ll\u00edtm\u00e1nyoz\u00f3 \u00e9s Szolg\u00e1ltat\u00f3 Kft. ii. a fejleszt\u00e9s t\u00e1rgya, c\u00e9lja: Komplex beruh\u00e1z\u00e1s a G\u00f6nczi Kft. soproni telephely\u00e9n iii. az eur\u00f3pai uni\u00f3s t\u00e1mogat\u00e1s \u00f6sszege: 102 999 591 Ft iv. a projekt tartalm\u00e1nak r\u00e9szletes bemutat\u00e1sa: A G\u00f6nczi Kft. 2015-t\u0151l ny\u00fajt kifog\u00e1stalan sz\u00ednvonal\u00fa, komplex rakt\u00e1roz\u00e1si szolg\u00e1ltat\u00e1sokat aut\u00f3- \u00e9s egy\u00e9b ipar\u00e1gi partnereinek, az &hellip;<\/p>","protected":false},"author":2,"featured_media":0,"parent":0,"menu_order":0,"comment_status":"closed","ping_status":"closed","template":"","meta":{"ngg_post_thumbnail":0},"acf":[],"_links":{"self":[{"href":"https:\/\/www.gonczitrans.hu\/de\/wp-json\/wp\/v2\/pages\/2178"}],"collection":[{"href":"https:\/\/www.gonczitrans.hu\/de\/wp-json\/wp\/v2\/pages"}],"about":[{"href":"https:\/\/www.gonczitrans.hu\/de\/wp-json\/wp\/v2\/types\/page"}],"author":[{"embeddable":true,"href":"https:\/\/www.gonczitrans.hu\/de\/wp-json\/wp\/v2\/users\/2"}],"replies":[{"embeddable":true,"href":"https:\/\/www.gonczitrans.hu\/de\/wp-json\/wp\/v2\/comments?post=2178"}],"version-history":[{"count":29,"href":"https:\/\/www.gonczitrans.hu\/de\/wp-json\/wp\/v2\/pages\/2178\/revisions"}],"predecessor-version":[{"id":2355,"href":"https:\/\/www.gonczitrans.hu\/de\/wp-json\/wp\/v2\/pages\/2178\/revisions\/2355"}],"wp:attachment":[{"href":"https:\/\/www.gonczitrans.hu\/de\/wp-json\/wp\/v2\/media?parent=2178"}],"curies":[{"name":"wp","href":"https:\/\/api.w.org\/{rel}","templated":true}]}}