{"id":1644,"date":"2019-11-14T17:46:14","date_gmt":"2019-11-14T17:46:14","guid":{"rendered":"http:\/\/www.gonczitrans.hu\/?page_id=1644"},"modified":"2021-01-31T21:01:27","modified_gmt":"2021-01-31T21:01:27","slug":"idovonal","status":"publish","type":"page","link":"https:\/\/www.gonczitrans.hu\/de\/idovonal\/","title":{"rendered":"Id\u0151vonal"},"content":{"rendered":"<!========= Cool Timeline PRO 3.2 =========><div style=\"opacity:0;\" \r\n    data-showposts=\"10\"\r\n     class=\"cool_timeline cool-timeline-wrapper both-sided-wrapper white-timeline-wrapper main-default\" \r\n     id=\"tm-default-default-15\"  \r\n     data-pagination=\"yes\"  \r\n     data-pagination-position=\"left\"><div class=\"cool-timeline ultimate-style  white-timeline\"><div  class=\"filter-preloaders\"><img src=\"https:\/\/www.gonczitrans.hu\/wp-content\/plugins\/cool-timeline-pro\/\/assets\/images\/clt-compact-preloader.gif\"><\/div><div data-animations=\"slide-left\"  id=\"timeline-timeline-stories\" class=\"cooltimeline_cont  clearfix icons_no\"><div data-cls=\"sc-nv-default white-timeline\" class=\"timeline-year scrollable-section default-year\"data-section-title=\"1987\" id=\"year-1987\"><span  class=\"ctl-timeline-date\">1987<\/span><\/div><!-- .timeline-post-start--><div   data-alternate=\"0\" id=\"story-1633\" class=\"timeline-post even light-grey-post icons_no post-1633  default-meta\"><div   data-aos=\"slide-left\" class=\"timeline-meta\"><div class=\"meta-details\">1987<\/div><\/div><div  data-aos=\"slide-left\" class=\"timeline-icon icon-dot-full default-dot\"><div class=\"timeline-bar\"><\/div><\/div><div  data-aos=\"slide-left\"  class=\"timeline-content  clearfix even  small default-content\"><h2 class=\"content-title\">Firmengr\u00fcndung<\/h2><div class=\"ctl_info event-description small\"><div class=\"full-width  ctl_slideshow\"><div data-animationspeed=\"5000\"  data-slideshow=\"true\" data-animation=\"slide\" class=\"ctl_flexslider\"><ul class=\"slides\"><li><a  class=\"ctl_prettyPhoto\" rel=\"ctl_prettyPhoto[pp_gallery-1633]\" href=\"https:\/\/www.gonczitrans.hu\/wp-content\/uploads\/2019\/11\/01_idovonal_raba.jpg\"><img class=\"\" src=\"https:\/\/www.gonczitrans.hu\/wp-content\/uploads\/2019\/11\/01_idovonal_raba.jpg\"><\/a><\/li><\/ul><\/div><\/div><div class=\"content-details\"><p>G\u00d6NCZI G\u00e1bor sen. startet sein Unternehmen als Einzelunternehmer mit einem LKW des Typs IFA. &nbsp;<\/p><\/div><\/div><\/div><!-- timeline content --><\/div>\r\n        <!-- .timeline-post-end --><div data-cls=\"sc-nv-default white-timeline\" class=\"timeline-year scrollable-section default-year\"data-section-title=\"1990\" id=\"year-1990\"><span  class=\"ctl-timeline-date\">1990<\/span><\/div><!-- .timeline-post-start--><div   data-alternate=\"1\" id=\"story-1634\" class=\"timeline-post odd light-grey-post icons_no post-1634 story-cat-63  default-meta\"><div   data-aos=\"slide-left\" class=\"timeline-meta\"><div class=\"meta-details\">1990<\/div><\/div><div  data-aos=\"slide-left\" class=\"timeline-icon icon-dot-full default-dot\"><div class=\"timeline-bar\"><\/div><\/div><div  data-aos=\"slide-left\"  class=\"timeline-content  clearfix odd  full default-content\"><h2 class=\"content-title\">Anschaffung R\u00c1BA 833<\/h2><div class=\"ctl_info event-description full\"><div class=\"full-width  ctl_slideshow\"><div data-animationspeed=\"5000\"  data-slideshow=\"true\" data-animation=\"slide\" class=\"ctl_flexslider\"><ul class=\"slides\"><li><a  class=\"ctl_prettyPhoto\" rel=\"ctl_prettyPhoto[pp_gallery-1634]\" href=\"https:\/\/www.gonczitrans.hu\/wp-content\/uploads\/2019\/11\/02_idovonal_raba833-729x1024.jpg\"><img class=\"\" src=\"https:\/\/www.gonczitrans.hu\/wp-content\/uploads\/2019\/11\/02_idovonal_raba833-729x1024.jpg\"><\/a><\/li><\/ul><\/div><\/div><div class=\"content-details\"><p>Erweiterung der Fahrzeugflotte um LKWs vom Typ R\u00c1BA 833.<\/p><\/div><\/div><\/div><!-- timeline content --><\/div>\r\n        <!-- .timeline-post-end --><div data-cls=\"sc-nv-default white-timeline\" class=\"timeline-year scrollable-section default-year\"data-section-title=\"1997\" id=\"year-1997\"><span  class=\"ctl-timeline-date\">1997<\/span><\/div><!-- .timeline-post-start--><div   data-alternate=\"2\" id=\"story-1640\" class=\"timeline-post even light-grey-post icons_no post-1640 story-cat-63  default-meta\"><div   data-aos=\"slide-left\" class=\"timeline-meta\"><div class=\"meta-details\">1997<\/div><\/div><div  data-aos=\"slide-left\" class=\"timeline-icon icon-dot-full default-dot\"><div class=\"timeline-bar\"><\/div><\/div><div  data-aos=\"slide-left\"  class=\"timeline-content  clearfix even  full default-content\"><h2 class=\"content-title\">Umwandlung in rechtsnachfolgende Firmenform einer GmbH<\/h2><div class=\"ctl_info event-description full\"><div class=\"full-width  ctl_slideshow\"><div data-animationspeed=\"5000\"  data-slideshow=\"true\" data-animation=\"slide\" class=\"ctl_flexslider\"><ul class=\"slides\"><li><a  class=\"ctl_prettyPhoto\" rel=\"ctl_prettyPhoto[pp_gallery-1640]\" href=\"https:\/\/www.gonczitrans.hu\/wp-content\/uploads\/2019\/11\/03_idovonal_kft.jpg\"><img class=\"\" src=\"https:\/\/www.gonczitrans.hu\/wp-content\/uploads\/2019\/11\/03_idovonal_kft.jpg\"><\/a><\/li><\/ul><\/div><\/div><div class=\"content-details\"><p>G\u00d6NCZI G\u00e1bor sen. erweitert sein Einzelunternehmen rechtsnachfolgend in die Firmenform einer GmbH. Anschaffung von 4 neuen Zugmaschinen, darunter des ersten Scania.<\/p><\/div><\/div><\/div><!-- timeline content --><\/div>\r\n        <!-- .timeline-post-end --><div data-cls=\"sc-nv-default white-timeline\" class=\"timeline-year scrollable-section default-year\"data-section-title=\"2002\" id=\"year-2002\"><span  class=\"ctl-timeline-date\">2002<\/span><\/div><!-- .timeline-post-start--><div   data-alternate=\"3\" id=\"story-1642\" class=\"timeline-post odd light-grey-post icons_no post-1642 story-cat-63  default-meta\"><div   data-aos=\"slide-left\" class=\"timeline-meta\"><div class=\"meta-details\">2002<\/div><\/div><div  data-aos=\"slide-left\" class=\"timeline-icon icon-dot-full default-dot\"><div class=\"timeline-bar\"><\/div><\/div><div  data-aos=\"slide-left\"  class=\"timeline-content  clearfix odd  full default-content\"><h2 class=\"content-title\">Einf\u00fchrung des Qualit\u00e4tssicherungs- und Qualit\u00e4tsmanagementsystems ISO<\/h2><div class=\"ctl_info event-description full\"><div class=\"full-width  ctl_slideshow\"><div data-animationspeed=\"5000\"  data-slideshow=\"true\" data-animation=\"slide\" class=\"ctl_flexslider\"><ul class=\"slides\"><li><a  class=\"ctl_prettyPhoto\" rel=\"ctl_prettyPhoto[pp_gallery-1642]\" href=\"https:\/\/www.gonczitrans.hu\/wp-content\/uploads\/2019\/11\/004_idovonal_iso.jpg\"><img class=\"\" src=\"https:\/\/www.gonczitrans.hu\/wp-content\/uploads\/2019\/11\/004_idovonal_iso.jpg\"><\/a><\/li><\/ul><\/div><\/div><div class=\"content-details\"><p>E.COM CERT \/ MSZ EN ISO 9001 garantiert, dass die Qualit\u00e4tssicherungs- und Qualit\u00e4tsmanagementsysteme der Firma den h\u00f6chsten fachlichen Anforderungen entsprechen.<\/p><\/div><\/div><\/div><!-- timeline content --><\/div>\r\n        <!-- .timeline-post-end --><div data-cls=\"sc-nv-default white-timeline\" class=\"timeline-year scrollable-section default-year\"data-section-title=\"2004\" id=\"year-2004\"><span  class=\"ctl-timeline-date\">2004<\/span><\/div><!-- .timeline-post-start--><div   data-alternate=\"4\" id=\"story-2322\" class=\"timeline-post even light-grey-post icons_no post-2322 story-cat-63  default-meta\"><div   data-aos=\"slide-left\" class=\"timeline-meta\"><div class=\"meta-details\">2004<\/div><\/div><div  data-aos=\"slide-left\" class=\"timeline-icon icon-dot-full default-dot\"><div class=\"timeline-bar\"><\/div><\/div><div  data-aos=\"slide-left\"  class=\"timeline-content  clearfix even  full default-content\"><h2 class=\"content-title\">Saj\u00e1t szervizcsapat<\/h2><div class=\"ctl_info event-description full\"><div class=\"full-width\"><a title=\"Saj\u00e1t szervizcsapat\"  href=\"https:\/\/www.gonczitrans.hu\/wp-content\/uploads\/2024\/03\/gonczi_szerviz.jpg\" class=\"ctl_prettyPhoto\"><img width=\"1024\" height=\"683\" src=\"https:\/\/www.gonczitrans.hu\/wp-content\/uploads\/2024\/03\/gonczi_szerviz-1024x683.jpg\" class=\"story-img wp-post-image\" alt=\"Saj\u00e1t szervizcsapat\" decoding=\"async\" loading=\"lazy\" srcset=\"https:\/\/www.gonczitrans.hu\/wp-content\/uploads\/2024\/03\/gonczi_szerviz-1024x683.jpg 1024w, https:\/\/www.gonczitrans.hu\/wp-content\/uploads\/2024\/03\/gonczi_szerviz-300x200.jpg 300w, https:\/\/www.gonczitrans.hu\/wp-content\/uploads\/2024\/03\/gonczi_szerviz-768x512.jpg 768w, https:\/\/www.gonczitrans.hu\/wp-content\/uploads\/2024\/03\/gonczi_szerviz-18x12.jpg 18w, https:\/\/www.gonczitrans.hu\/wp-content\/uploads\/2024\/03\/gonczi_szerviz-360x240.jpg 360w, https:\/\/www.gonczitrans.hu\/wp-content\/uploads\/2024\/03\/gonczi_szerviz-272x182.jpg 272w, https:\/\/www.gonczitrans.hu\/wp-content\/uploads\/2024\/03\/gonczi_szerviz.jpg 1500w\" sizes=\"(max-width: 1024px) 100vw, 1024px\" \/><\/a><\/div><div class=\"content-details\"><p>Saj\u00e1t, h\u00e1zi szerviz\u00fcnkkel fejlesztett\u00fck v\u00e1llakoz\u00e1sunkat.<\/p><\/div><\/div><\/div><!-- timeline content --><\/div>\r\n        <!-- .timeline-post-end --><!-- .timeline-post-start--><div   data-alternate=\"5\" id=\"story-1649\" class=\"timeline-post odd light-grey-post icons_no post-1649 story-cat-63  default-meta\"><div   data-aos=\"slide-left\" class=\"timeline-meta\"><div class=\"meta-details\">2004<\/div><\/div><div  data-aos=\"slide-left\" class=\"timeline-icon icon-dot-full default-dot\"><div class=\"timeline-bar\"><\/div><\/div><div  data-aos=\"slide-left\"  class=\"timeline-content  clearfix odd  full default-content\"><h2 class=\"content-title\">Niederlassung Sopron<\/h2><div class=\"ctl_info event-description full\"><div class=\"full-width  ctl_slideshow\"><div data-animationspeed=\"5000\"  data-slideshow=\"true\" data-animation=\"slide\" class=\"ctl_flexslider\"><ul class=\"slides\"><li><a  class=\"ctl_prettyPhoto\" rel=\"ctl_prettyPhoto[pp_gallery-1649]\" href=\"https:\/\/www.gonczitrans.hu\/wp-content\/uploads\/2019\/11\/04_idovonal_telephely.jpg\"><img class=\"\" src=\"https:\/\/www.gonczitrans.hu\/wp-content\/uploads\/2019\/11\/04_idovonal_telephely.jpg\"><\/a><\/li><\/ul><\/div><\/div><div class=\"content-details\"><p>Die in eigenem Besitz befindliche Niederlassung in Sopron mit einer Gr\u00f6\u00dfe von 8 000 m2 wird errichtet.<\/p><\/div><\/div><\/div><!-- timeline content --><\/div>\r\n        <!-- .timeline-post-end --><div data-cls=\"sc-nv-default white-timeline\" class=\"timeline-year scrollable-section default-year\"data-section-title=\"2008\" id=\"year-2008\"><span  class=\"ctl-timeline-date\">2008<\/span><\/div><!-- .timeline-post-start--><div   data-alternate=\"6\" id=\"story-1651\" class=\"timeline-post even light-grey-post icons_no post-1651 story-cat-63  default-meta\"><div   data-aos=\"slide-left\" class=\"timeline-meta\"><div class=\"meta-details\">2008<\/div><\/div><div  data-aos=\"slide-left\" class=\"timeline-icon icon-dot-full default-dot\"><div class=\"timeline-bar\"><\/div><\/div><div  data-aos=\"slide-left\"  class=\"timeline-content  clearfix even  full default-content\"><h2 class=\"content-title\">Die zweite Generation<\/h2><div class=\"ctl_info event-description full\"><div class=\"full-width  ctl_slideshow\"><div data-animationspeed=\"5000\"  data-slideshow=\"true\" data-animation=\"slide\" class=\"ctl_flexslider\"><ul class=\"slides\"><li><a  class=\"ctl_prettyPhoto\" rel=\"ctl_prettyPhoto[pp_gallery-1651]\" href=\"https:\/\/www.gonczitrans.hu\/wp-content\/uploads\/2019\/11\/05_idovonal_ifj_gonczi_gabor.jpg\"><img class=\"\" src=\"https:\/\/www.gonczitrans.hu\/wp-content\/uploads\/2019\/11\/05_idovonal_ifj_gonczi_gabor.jpg\"><\/a><\/li><\/ul><\/div><\/div><div class=\"content-details\"><p>Nach dem Erwerb seines Diploms der Universit\u00e4t Wien und 3 Jahren Arbeitserfahrung bei einer \u00f6sterreichischen Firma beginnt G\u00d6NCZI G\u00e1bor jun. als Spediteur zu arbeiten. Anschaffung von 10 neuen Zugmaschinen vom Typ Scania.<\/p><\/div><\/div><\/div><!-- timeline content --><\/div>\r\n        <!-- .timeline-post-end --><div data-cls=\"sc-nv-default white-timeline\" class=\"timeline-year scrollable-section default-year\"data-section-title=\"2011\" id=\"year-2011\"><span  class=\"ctl-timeline-date\">2011<\/span><\/div><!-- .timeline-post-start--><div   data-alternate=\"7\" id=\"story-1653\" class=\"timeline-post odd light-grey-post icons_no post-1653 story-cat-63  default-meta\"><div   data-aos=\"slide-left\" class=\"timeline-meta\"><div class=\"meta-details\">2011<\/div><\/div><div  data-aos=\"slide-left\" class=\"timeline-icon icon-dot-full default-dot\"><div class=\"timeline-bar\"><\/div><\/div><div  data-aos=\"slide-left\"  class=\"timeline-content  clearfix odd  full default-content\"><h2 class=\"content-title\">Erneute Erweiterung der Flotte<\/h2><div class=\"ctl_info event-description full\"><div class=\"full-width  ctl_slideshow\"><div data-animationspeed=\"5000\"  data-slideshow=\"true\" data-animation=\"slide\" class=\"ctl_flexslider\"><ul class=\"slides\"><li><a  class=\"ctl_prettyPhoto\" rel=\"ctl_prettyPhoto[pp_gallery-1653]\" href=\"https:\/\/www.gonczitrans.hu\/wp-content\/uploads\/2019\/11\/007_idovonal_flotta_bovules_2011.jpg\"><img class=\"\" src=\"https:\/\/www.gonczitrans.hu\/wp-content\/uploads\/2019\/11\/007_idovonal_flotta_bovules_2011.jpg\"><\/a><\/li><\/ul><\/div><\/div><div class=\"content-details\"><p>Anschaffung weiterer 10 neuer Zugmaschinen vom Typ Scania.<\/p><\/div><\/div><\/div><!-- timeline content --><\/div>\r\n        <!-- .timeline-post-end --><div data-cls=\"sc-nv-default white-timeline\" class=\"timeline-year scrollable-section default-year\"data-section-title=\"2012\" id=\"year-2012\"><span  class=\"ctl-timeline-date\">2012<\/span><\/div><!-- .timeline-post-start--><div   data-alternate=\"8\" id=\"story-1656\" class=\"timeline-post even light-grey-post icons_no post-1656 story-cat-63  default-meta\"><div   data-aos=\"slide-left\" class=\"timeline-meta\"><div class=\"meta-details\">2012<\/div><\/div><div  data-aos=\"slide-left\" class=\"timeline-icon icon-dot-full default-dot\"><div class=\"timeline-bar\"><\/div><\/div><div  data-aos=\"slide-left\"  class=\"timeline-content  clearfix even  full default-content\"><h2 class=\"content-title\">Einf\u00fchrung des Unternehmenssteuerungssystems (ERP)<\/h2><div class=\"ctl_info event-description full\"><div class=\"full-width  ctl_slideshow\"><div data-animationspeed=\"5000\"  data-slideshow=\"true\" data-animation=\"slide\" class=\"ctl_flexslider\"><ul class=\"slides\"><li><a  class=\"ctl_prettyPhoto\" rel=\"ctl_prettyPhoto[pp_gallery-1656]\" href=\"https:\/\/www.gonczitrans.hu\/wp-content\/uploads\/2019\/11\/06_idovonal_erp.jpg\"><img class=\"\" src=\"https:\/\/www.gonczitrans.hu\/wp-content\/uploads\/2019\/11\/06_idovonal_erp.jpg\"><\/a><\/li><\/ul><\/div><\/div><div class=\"content-details\"><p>Die Bestellungen werden in unserem Transport-Management-Software pro Lieferung individuell registriert. Auf diese Weise kann der gesamte Ablauf der Lieferung in jedem Fall verfolgt und nachgeschlagen werden, von der R\u00fcckbest\u00e4tigung der Bestellung an bis zu deren Abschluss.<\/p><\/div><\/div><\/div><!-- timeline content --><\/div>\r\n        <!-- .timeline-post-end --><div data-cls=\"sc-nv-default white-timeline\" class=\"timeline-year scrollable-section default-year\"data-section-title=\"2013\" id=\"year-2013\"><span  class=\"ctl-timeline-date\">2013<\/span><\/div><!-- .timeline-post-start--><div   data-alternate=\"9\" id=\"story-1658\" class=\"timeline-post odd light-grey-post icons_no post-1658 story-cat-63  default-meta\"><div   data-aos=\"slide-left\" class=\"timeline-meta\"><div class=\"meta-details\">2013<\/div><\/div><div  data-aos=\"slide-left\" class=\"timeline-icon icon-dot-full default-dot\"><div class=\"timeline-bar\"><\/div><\/div><div  data-aos=\"slide-left\"  class=\"timeline-content  clearfix odd  full default-content\"><h2 class=\"content-title\">Einf\u00fchrung des telematischen Systems<\/h2><div class=\"ctl_info event-description full\"><div class=\"full-width  ctl_slideshow\"><div data-animationspeed=\"5000\"  data-slideshow=\"true\" data-animation=\"slide\" class=\"ctl_flexslider\"><ul class=\"slides\"><li><a  class=\"ctl_prettyPhoto\" rel=\"ctl_prettyPhoto[pp_gallery-1658]\" href=\"https:\/\/www.gonczitrans.hu\/wp-content\/uploads\/2019\/11\/07_idovonal_telematika.jpg\"><img class=\"\" src=\"https:\/\/www.gonczitrans.hu\/wp-content\/uploads\/2019\/11\/07_idovonal_telematika.jpg\"><\/a><\/li><\/ul><\/div><\/div><div class=\"content-details\"><p>Mit Hilfe des Satellitennavigationssystems bekommen wir eine sofortige und detaillierte R\u00fcckmeldung \u00fcber die Situation, den Verbrauch und sonstige technische Parameter unserer Flotte. Anschaffung 11 neuer Zugmaschinen vom Typ Scania.<\/p><\/div><\/div><\/div><!-- timeline content --><\/div>\r\n        <!-- .timeline-post-end --><div  class=\"end-timeline clearfix\"><\/div><\/div><nav class='custom-pagination'><span class='page-numbers page-num'>  Page 1 of 2<\/span> <span aria-current=\"page\" class=\"page-numbers current\">1<\/span>\n<a class=\"page-numbers\" href=\"https:\/\/www.gonczitrans.hu\/de\/wp-json\/wp\/v2\/pages\/1644\/page\/2\/\">2<\/a>\n<a class=\"next page-numbers\" href=\"https:\/\/www.gonczitrans.hu\/de\/wp-json\/wp\/v2\/pages\/1644\/page\/2\/\">&raquo;<\/a><\/nav><\/div><\/div>  <!-- end\r\n================================================== --><style type=\"text\/css\"><\/style>","protected":false},"excerpt":{"rendered":"","protected":false},"author":2,"featured_media":0,"parent":0,"menu_order":0,"comment_status":"closed","ping_status":"closed","template":"","meta":{"ngg_post_thumbnail":0},"acf":[],"_links":{"self":[{"href":"https:\/\/www.gonczitrans.hu\/de\/wp-json\/wp\/v2\/pages\/1644"}],"collection":[{"href":"https:\/\/www.gonczitrans.hu\/de\/wp-json\/wp\/v2\/pages"}],"about":[{"href":"https:\/\/www.gonczitrans.hu\/de\/wp-json\/wp\/v2\/types\/page"}],"author":[{"embeddable":true,"href":"https:\/\/www.gonczitrans.hu\/de\/wp-json\/wp\/v2\/users\/2"}],"replies":[{"embeddable":true,"href":"https:\/\/www.gonczitrans.hu\/de\/wp-json\/wp\/v2\/comments?post=1644"}],"version-history":[{"count":2,"href":"https:\/\/www.gonczitrans.hu\/de\/wp-json\/wp\/v2\/pages\/1644\/revisions"}],"predecessor-version":[{"id":1646,"href":"https:\/\/www.gonczitrans.hu\/de\/wp-json\/wp\/v2\/pages\/1644\/revisions\/1646"}],"wp:attachment":[{"href":"https:\/\/www.gonczitrans.hu\/de\/wp-json\/wp\/v2\/media?parent=1644"}],"curies":[{"name":"wp","href":"https:\/\/api.w.org\/{rel}","templated":true}]}}