{"id":120,"date":"2015-05-04T07:30:41","date_gmt":"2015-05-04T07:30:41","guid":{"rendered":"https:\/\/xml-io.proteusthemes.com\/cargopress\/?page_id=120"},"modified":"2023-03-31T17:33:07","modified_gmt":"2023-03-31T17:33:07","slug":"kapcsolat","status":"publish","type":"page","link":"https:\/\/www.gonczitrans.hu\/de\/kapcsolat\/","title":{"rendered":"Kontakt"},"content":{"rendered":"<div id=\"pl-120\"  class=\"panel-layout\" ><div id=\"pg-120-0\"  class=\"panel-grid panel-has-style\" ><div class=\"siteorigin-panels-stretch panel-row-style panel-row-style-for-120-0\" data-stretch-type=\"full-stretched\" ><div id=\"pgc-120-0-0\"  class=\"panel-grid-cell\" ><div id=\"panel-120-0-0-0\" class=\"so-panel widget widget_pw_google_map panel-first-child panel-last-child\" data-index=\"0\" >\n\n\t<div\n\t\tclass=\"simple-map  js-where-we-are\"\n\t\tdata-latlng=\"47.666448, 16.619690\"\n\t\tdata-markers=\"[{&quot;id&quot;:&quot;1&quot;,&quot;title&quot;:&quot;Sopron, Szappanf\\u0151z\\u0151 krt. 10, 9400&quot;,&quot;locationlatlng&quot;:&quot;47.666448, 16.619690&quot;,&quot;custompinimage&quot;:&quot;&quot;}]\"\n\t\tdata-zoom=\"12\"\n\t\tdata-type=\"roadmap\"\n\t\tdata-style=\"[]\"\n\t\tstyle=\"height: 380px;\"\n\t><\/div>\n\n<\/div><\/div><\/div><\/div><div id=\"pg-120-1\"  class=\"panel-grid panel-no-style\" ><div id=\"pgc-120-1-0\"  class=\"panel-grid-cell\" ><div id=\"panel-120-1-0-0\" class=\"so-panel widget widget_black-studio-tinymce widget_black_studio_tinymce panel-first-child\" data-index=\"1\" ><div class=\"featured-widget panel-widget-style panel-widget-style-for-120-1-0-0\" ><h3 class=\"widget-title\"><span class=\"widget-title__inline\">MAILING-ADRESSE<\/span><\/h3><div class=\"textwidget\"><p>G\u00d6NCZI Kft.<br \/>\nH-9400 Sopron,<br \/>\nSzappanf\u0151z\u0151 krt. 10.<\/p>\n<p>+ 36 99 508 962<br \/>\n+ 36 99 324 888<\/p>\n<p>Spedition<br \/>\n<a href=\"mailto:dispo@gonczitrans.hu\">dispo@gonczitrans.hu<\/a><\/p>\n<p>Finanzen<br \/>\n<a href=\"mailto:finance@gonczitrans.hu\">finance@gonczitrans.hu<\/a><\/p>\n<p>Abrechnung<br \/>\n<a href=\"mailto:invoice@gonczitrans.hu\">invoice@gonczitrans.hu<\/a><\/p>\n<p>Logistik<br \/>\n<a href=\"mailto:warehouse@gonczitrans.hu\">warehouse@gonczitrans.hu<\/a><\/p>\n<p>Service<br \/>\n<a href=\"mailto:service@gonczitrans.hu\">service@gonczitrans.hu<\/a><\/p>\n<p>Allgemeine Informationen<br \/>\n<a href=\"mailto:service@gonczitrans.hu\">info@gonczitrans.hu<\/a><\/p>\n<\/div><\/div><\/div><div id=\"panel-120-1-0-1\" class=\"so-panel widget widget_pw_opening_time opening-time panel-last-child\" data-index=\"2\" ><div class=\"featured-widget panel-widget-style panel-widget-style-for-120-1-0-1\" >\n\n\t<div class=\"time-table\">\n\n\t\t\t<h3><span class=\"icon icons-ornament-left\"><\/span>B\u00dcR\u00d6FFNUNG:<span class=\"icon icons-ornament-right\"><\/span><\/h3>\n\n\t\t<div class=\"inner-bg\">\n\t\t\t\t<dl class=\"week-day\">\n\t\t\t\t\t<dt>Montag<\/dt>\n\t\t\t\t\t<dd>8:00 - 17:00<\/dd>\n\t\t\t\t<\/dl>\n\t\t\t\t<dl class=\"week-day  light-bg\">\n\t\t\t\t\t<dt>Dienstag<\/dt>\n\t\t\t\t\t<dd>8:00 - 17:00<\/dd>\n\t\t\t\t<\/dl>\n\t\t\t\t<dl class=\"week-day\">\n\t\t\t\t\t<dt>Mittwoch<\/dt>\n\t\t\t\t\t<dd>8:00 - 17:00<\/dd>\n\t\t\t\t<\/dl>\n\t\t\t\t<dl class=\"week-day  light-bg\">\n\t\t\t\t\t<dt>Donnerstag<\/dt>\n\t\t\t\t\t<dd>8:00 - 17:00<\/dd>\n\t\t\t\t<\/dl>\n\t\t\t\t<dl class=\"week-day\">\n\t\t\t\t\t<dt>Freitag<\/dt>\n\t\t\t\t\t<dd>8:00 - 17:00<\/dd>\n\t\t\t\t<\/dl>\n\t\t\t\t<dl class=\"week-day  light-bg closed today\">\n\t\t\t\t\t<dt>Samstag<\/dt>\n\t\t\t\t\t<dd>GESCHLOSSEN<\/dd>\n\t\t\t\t<\/dl>\n\t\t\t\t<dl class=\"week-day  closed\">\n\t\t\t\t\t<dt>Sonntag<\/dt>\n\t\t\t\t\t<dd>GESCHLOSSEN<\/dd>\n\t\t\t\t<\/dl>\n\t\t<\/div>\n\n\n\t<\/div>\n\n<\/div><\/div><\/div><div id=\"pgc-120-1-1\"  class=\"panel-grid-cell\" ><div id=\"panel-120-1-1-0\" class=\"so-panel widget widget_black-studio-tinymce widget_black_studio_tinymce panel-first-child panel-last-child\" data-index=\"3\" ><h3 class=\"widget-title\"><span class=\"widget-title__inline\">WIR K\u00d6NNEN VERMEIDEN<\/span><\/h3><div class=\"textwidget\"><p>[contact-form-7 id=\"2270\" title=\"Kapcsolat\"]<\/p>\n<p>&nbsp;<\/p>\n<p>&nbsp;<\/p>\n<\/div><\/div><\/div><\/div><\/div>","protected":false},"excerpt":{"rendered":"<p>G\u00d6NCZI Kft. H-9400 Sopron, Szappanf\u0151z\u0151 krt. 10. + 36 99 508 962 + 36 99 324 888 Sped\u00edci\u00f3 dispo@gonczitrans.hu P\u00e9nz\u00fcgy finance@gonczitrans.hu Sz\u00e1ml\u00e1z\u00e1s invoice@gonczitrans.hu Rakt\u00e1r warehouse@gonczitrans.hu Szerviz service@gonczitrans.hu \u00c1ltal\u00e1nos inform\u00e1ci\u00f3 info@gonczitrans.hu [contact-form-7 id=&#8221;2270&#8243; title=&#8221;Kapcsolat&#8221;] &nbsp; &nbsp;<\/p>","protected":false},"author":2,"featured_media":0,"parent":0,"menu_order":0,"comment_status":"closed","ping_status":"open","template":"","meta":{"ngg_post_thumbnail":0},"acf":[],"_links":{"self":[{"href":"https:\/\/www.gonczitrans.hu\/de\/wp-json\/wp\/v2\/pages\/120"}],"collection":[{"href":"https:\/\/www.gonczitrans.hu\/de\/wp-json\/wp\/v2\/pages"}],"about":[{"href":"https:\/\/www.gonczitrans.hu\/de\/wp-json\/wp\/v2\/types\/page"}],"author":[{"embeddable":true,"href":"https:\/\/www.gonczitrans.hu\/de\/wp-json\/wp\/v2\/users\/2"}],"replies":[{"embeddable":true,"href":"https:\/\/www.gonczitrans.hu\/de\/wp-json\/wp\/v2\/comments?post=120"}],"version-history":[{"count":68,"href":"https:\/\/www.gonczitrans.hu\/de\/wp-json\/wp\/v2\/pages\/120\/revisions"}],"predecessor-version":[{"id":2274,"href":"https:\/\/www.gonczitrans.hu\/de\/wp-json\/wp\/v2\/pages\/120\/revisions\/2274"}],"wp:attachment":[{"href":"https:\/\/www.gonczitrans.hu\/de\/wp-json\/wp\/v2\/media?parent=120"}],"curies":[{"name":"wp","href":"https:\/\/api.w.org\/{rel}","templated":true}]}}