{"id":1036,"date":"2019-05-21T09:55:22","date_gmt":"2019-05-21T09:55:22","guid":{"rendered":"http:\/\/www.gonczitrans.hu\/?page_id=1036"},"modified":"2019-09-05T12:13:14","modified_gmt":"2019-09-05T12:13:14","slug":"expressz-fuvarozas","status":"publish","type":"page","link":"https:\/\/www.gonczitrans.hu\/de\/szolgaltatasok\/expressz-fuvarozas\/","title":{"rendered":"Express Logistik"},"content":{"rendered":"<div id=\"pl-1036\"  class=\"panel-layout\" ><div id=\"pg-1036-0\"  class=\"panel-grid panel-no-style\" ><div id=\"pgc-1036-0-0\"  class=\"panel-grid-cell\" ><div id=\"panel-1036-0-0-0\" class=\"so-panel widget widget_sow-editor panel-first-child panel-last-child\" data-index=\"0\" ><div\n\t\t\t\n\t\t\tclass=\"so-widget-sow-editor so-widget-sow-editor-base\"\n\t\t\t\n\t\t>\n<div class=\"siteorigin-widget-tinymce textwidget\">\n\t<p>Unsere Spediteure haben 24 Stunden Bereitschaftsdienst und stehen st\u00e4ndig mit unseren Fahrzeuglenkern in Kontakt. Die Fahrzeuge verf\u00fcgen \u00fcber Mobiltelefon, GPS \u2013 Navigation und  Verfolgungssystem, die st\u00e4ndige Verfolgbarkeit dringender Sendungen garantiert. Bei Bedarf werden unsere Fahrzeuge mit zwei Fahrer ausgestattet.<\/p>\n<p><img decoding=\"async\" loading=\"lazy\" class=\"alignnone wp-image-1413 size-medium\" src=\"http:\/\/www.gonczitrans.hu\/wp-content\/uploads\/2019\/05\/AKS_1172-300x200.jpg\" alt=\"\" width=\"300\" height=\"200\" srcset=\"https:\/\/www.gonczitrans.hu\/wp-content\/uploads\/2019\/05\/AKS_1172-300x200.jpg 300w, https:\/\/www.gonczitrans.hu\/wp-content\/uploads\/2019\/05\/AKS_1172-768x512.jpg 768w, https:\/\/www.gonczitrans.hu\/wp-content\/uploads\/2019\/05\/AKS_1172-1024x683.jpg 1024w, https:\/\/www.gonczitrans.hu\/wp-content\/uploads\/2019\/05\/AKS_1172-360x240.jpg 360w, https:\/\/www.gonczitrans.hu\/wp-content\/uploads\/2019\/05\/AKS_1172-600x400.jpg 600w, https:\/\/www.gonczitrans.hu\/wp-content\/uploads\/2019\/05\/AKS_1172-272x182.jpg 272w, https:\/\/www.gonczitrans.hu\/wp-content\/uploads\/2019\/05\/AKS_1172.jpg 1280w\" sizes=\"(max-width: 300px) 100vw, 300px\" \/> <img decoding=\"async\" loading=\"lazy\" class=\"alignnone wp-image-1406 size-medium\" src=\"http:\/\/www.gonczitrans.hu\/wp-content\/uploads\/2019\/05\/AKS_1298-300x200.jpg\" alt=\"\" width=\"300\" height=\"200\" srcset=\"https:\/\/www.gonczitrans.hu\/wp-content\/uploads\/2019\/05\/AKS_1298-300x200.jpg 300w, https:\/\/www.gonczitrans.hu\/wp-content\/uploads\/2019\/05\/AKS_1298-768x512.jpg 768w, https:\/\/www.gonczitrans.hu\/wp-content\/uploads\/2019\/05\/AKS_1298-1024x683.jpg 1024w, https:\/\/www.gonczitrans.hu\/wp-content\/uploads\/2019\/05\/AKS_1298-360x240.jpg 360w, https:\/\/www.gonczitrans.hu\/wp-content\/uploads\/2019\/05\/AKS_1298-600x400.jpg 600w, https:\/\/www.gonczitrans.hu\/wp-content\/uploads\/2019\/05\/AKS_1298-272x182.jpg 272w, https:\/\/www.gonczitrans.hu\/wp-content\/uploads\/2019\/05\/AKS_1298.jpg 1280w\" sizes=\"(max-width: 300px) 100vw, 300px\" \/><\/p>\n<p><strong>Express Logistik<\/strong><\/p>\n<p>Unsere Dienstleistung an Expresslieferungen wird dadurch gew\u00e4hrleistet, dass wir unseren Auftraggebern die Sendung nach der R\u00fcckmeldung der Bestellung:<\/p>\n<ul>\n<li>innerhalb von 8 Stunden in Ungarn<\/li>\n<li>innerhalb von 16 Stunden in die Nachbarl\u00e4nder<\/li>\n<li>innerhalb von 24-36 Stunden in irgendein europ\u00e4isches Land<\/li>\n<\/ul>\n<p>garantiert von Haus zu Haus ausliefern.<\/p>\n<p><strong>Versicherung<\/strong><\/p>\n<p>Der Sicherheit unserer Auftraggeber dient, dass sie f\u00fcr den Fall von w\u00e4hrend der logistischen T\u00e4tigkeit aus eventuellen Lieferfehlern entstandenen Schadensf\u00e4llen \u00fcber eine \u201eSpediteurhaftpflichtversicherung\u201c verf\u00fcgen, die durch hier Klicken eingesehen werden kann. <a href=\"#\">Hier klicken!<\/a>.<\/p>\n<p><strong>Schadens-\/Besch\u00e4digungsfrei-Index von 0,09%<\/strong><\/p>\n<p>&nbsp;<\/p>\n<\/div>\n<\/div><\/div><\/div><\/div><\/div>","protected":false},"excerpt":{"rendered":"<p>Spedit\u0151reik 24 \u00f3r\u00e1s \u00fcgyeletet tartanak \u00e9s \u00e1lland\u00f3 kapcsolatban \u00e1llnak a g\u00e9pkocsivezet\u0151ikkel. J\u00e1rm\u0171veink mobiltelefonnal, GPS navig\u00e1ci\u00f3val \u00e9s nyomk\u00f6vet\u00e9ssel is rendelkeznek, szavatolva a s\u00fcrg\u0151s k\u00fcldem\u00e9nyek folyamatos nyomon k\u00f6vet\u00e9s\u00e9t. Sz\u00fcks\u00e9g eset\u00e9n j\u00e1rm\u0171veiket k\u00e9t g\u00e9pkocsivezet\u0151vel ind\u00edtj\u00e1k. Expressz Fuvaroz\u00e1s Expressz sz\u00e1ll\u00edt\u00e1si szolg\u00e1ltat\u00e1suk biztos\u00edtja, hogy megb\u00edz\u00f3ik r\u00e9sz\u00e9re a rendel\u00e9s visszaigazol\u00e1s\u00e1t k\u00f6vet\u0151: 8 \u00f3r\u00e1n bel\u00fcl Magyarorsz\u00e1g 16 \u00f3r\u00e1n bel\u00fcl a k\u00f6rnyez\u0151 orsz\u00e1gokba &hellip;<\/p>","protected":false},"author":2,"featured_media":0,"parent":76,"menu_order":0,"comment_status":"closed","ping_status":"closed","template":"","meta":{"ngg_post_thumbnail":0},"acf":[],"_links":{"self":[{"href":"https:\/\/www.gonczitrans.hu\/de\/wp-json\/wp\/v2\/pages\/1036"}],"collection":[{"href":"https:\/\/www.gonczitrans.hu\/de\/wp-json\/wp\/v2\/pages"}],"about":[{"href":"https:\/\/www.gonczitrans.hu\/de\/wp-json\/wp\/v2\/types\/page"}],"author":[{"embeddable":true,"href":"https:\/\/www.gonczitrans.hu\/de\/wp-json\/wp\/v2\/users\/2"}],"replies":[{"embeddable":true,"href":"https:\/\/www.gonczitrans.hu\/de\/wp-json\/wp\/v2\/comments?post=1036"}],"version-history":[{"count":15,"href":"https:\/\/www.gonczitrans.hu\/de\/wp-json\/wp\/v2\/pages\/1036\/revisions"}],"predecessor-version":[{"id":1518,"href":"https:\/\/www.gonczitrans.hu\/de\/wp-json\/wp\/v2\/pages\/1036\/revisions\/1518"}],"up":[{"embeddable":true,"href":"https:\/\/www.gonczitrans.hu\/de\/wp-json\/wp\/v2\/pages\/76"}],"wp:attachment":[{"href":"https:\/\/www.gonczitrans.hu\/de\/wp-json\/wp\/v2\/media?parent=1036"}],"curies":[{"name":"wp","href":"https:\/\/api.w.org\/{rel}","templated":true}]}}