{"id":95,"date":"2015-04-23T12:32:53","date_gmt":"2015-04-23T12:32:53","guid":{"rendered":"https:\/\/xml-io.proteusthemes.com\/cargopress\/?page_id=95"},"modified":"2019-11-18T10:10:07","modified_gmt":"2019-11-18T10:10:07","slug":"fuvarszervezes","status":"publish","type":"page","link":"http:\/\/www.gonczitrans.hu\/de\/szolgaltatasok\/fuvarszervezes\/","title":{"rendered":"Spedition"},"content":{"rendered":"<div id=\"pl-95\"  class=\"panel-layout\" ><div id=\"pg-95-0\"  class=\"panel-grid panel-no-style\" ><div id=\"pgc-95-0-0\"  class=\"panel-grid-cell\" ><div id=\"panel-95-0-0-0\" class=\"so-panel widget widget_sow-editor panel-first-child panel-last-child\" data-index=\"0\" ><div\n\t\t\t\n\t\t\tclass=\"so-widget-sow-editor so-widget-sow-editor-base\"\n\t\t\t\n\t\t>\n<div class=\"siteorigin-widget-tinymce textwidget\">\n\t<p>Unser hilfsbereites Speditionsteam garantiert die schnelle und genaue Abwicklung der Frachtaufgaben, bei Bedarf mit umfassender Sachbearbeitung der Transportversicherung.<\/p>\n<p>Die Bestellungen werden in unserem Transport-Management-Software pro Lieferung individuell registriert. Auf diese Weise kann der gesamte Ablauf der Lieferung in jedem Fall verfolgt und nachgeschlagen werden, von der R\u00fcckbest\u00e4tigung der Bestellung an bis zu deren Abschluss.<\/p>\n<p>&nbsp;<\/p>\n<p><img decoding=\"async\" loading=\"lazy\" class=\"alignnone wp-image-1410 size-medium\" src=\"http:\/\/gonczitrans.openwork.hu\/wp-content\/uploads\/2015\/04\/IMG_5941-300x202.jpg\" alt=\"\" width=\"300\" height=\"202\" srcset=\"https:\/\/www.gonczitrans.hu\/wp-content\/uploads\/2015\/04\/IMG_5941-300x202.jpg 300w, https:\/\/www.gonczitrans.hu\/wp-content\/uploads\/2015\/04\/IMG_5941-768x516.jpg 768w, https:\/\/www.gonczitrans.hu\/wp-content\/uploads\/2015\/04\/IMG_5941-1024x688.jpg 1024w, https:\/\/www.gonczitrans.hu\/wp-content\/uploads\/2015\/04\/IMG_5941-600x403.jpg 600w, https:\/\/www.gonczitrans.hu\/wp-content\/uploads\/2015\/04\/IMG_5941-272x182.jpg 272w, https:\/\/www.gonczitrans.hu\/wp-content\/uploads\/2015\/04\/IMG_5941.jpg 1280w\" sizes=\"(max-width: 300px) 100vw, 300px\" \/> <img decoding=\"async\" loading=\"lazy\" class=\"alignnone wp-image-1690\" src=\"http:\/\/gonczitrans.openwork.hu\/wp-content\/uploads\/2015\/04\/DSF2149-300x240.jpg\" alt=\"\" width=\"253\" height=\"202\" srcset=\"https:\/\/www.gonczitrans.hu\/wp-content\/uploads\/2015\/04\/DSF2149-300x240.jpg 300w, https:\/\/www.gonczitrans.hu\/wp-content\/uploads\/2015\/04\/DSF2149-768x614.jpg 768w, https:\/\/www.gonczitrans.hu\/wp-content\/uploads\/2015\/04\/DSF2149-1024x819.jpg 1024w, https:\/\/www.gonczitrans.hu\/wp-content\/uploads\/2015\/04\/DSF2149-600x480.jpg 600w, https:\/\/www.gonczitrans.hu\/wp-content\/uploads\/2015\/04\/DSF2149.jpg 1280w\" sizes=\"(max-width: 253px) 100vw, 253px\" \/><\/p>\n<p><strong>Spedition<\/strong><\/p>\n<p>Die Arbeit unserer Partner wird von unseren speziell f\u00fcr den pers\u00f6nlichen Kontakt verantwortlichen Kollegen unterst\u00fctzt, dadurch wird garantiert, dass wir in jedem Fall die beste und individuelle Dienstleistung gew\u00e4hrleisten k\u00f6nnen.<\/p>\n<p>Nach Erhebung der Transportdaten (Menge, Volumen, Relation, Typologie, Lagerung und Verpackung) werden von unseren, \u00fcber Marktkenntnisse der jeweiligen Region verf\u00fcgenden Fachleuten Vorschl\u00e4ge bei der Auswahl geeignetsten Frachtmethode und Route gemacht. Mit ihrer Hilfe kann eine sinnvolle Kosten- und Zeiteinsparung erreicht werden.<\/p>\n<p><strong>Komplettfrachtlieferungen<\/strong><\/p>\n<p>Mit Hilfe unserer selbst betriebenen Flotte und den st\u00e4ndig \u00fcberpr\u00fcften verl\u00e4sslichen Subunternehmern bieten wir komplexe logistische L\u00f6sungen und Transporte in ganz Europa.<\/p>\n<p><strong>Teilfrachten und Sammellieferungen<\/strong><\/p>\n<p>Diese weichen von der Komplettladungen durch geringere Mengen und der gleichzeitigen Lieferung von Sendungen von verschiedenem Auftraggeber ab. Dem entsprechend werden diese Typen abgewickelt: sowohl die Teilpartie als auch die Sammelgut Ladungen. Die Teilladungen sind eine kosteneffektive L\u00f6sung in all den F\u00e4llen, wo eine kurze Transitzeit wichtig ist.<\/p>\n<p>Sammelgut Ladungen werden im Interesse der Gew\u00e4hrleistung einer hohen Qualit\u00e4t, gem\u00e4\u00df einem Fahrplan, der oft und zu einem fixen Zeitpunkt gestartet, vorher festgelegt wird. Es werden kleinere Mengen von Sendungen f\u00fcr mehrere Auftraggeber an unsere Sammelpunkte (HUB) gebracht, von hier dann an die Empf\u00e4nger ausgeliefert. Innerhalb Europas garantieren wir die sichere Zustellung der Teilladungen und Sammelgutladungen.<\/p>\n<p><strong>Versicherung<\/strong><\/p>\n<p>Der Sicherheit unserer Auftraggeber dient, dass sie f\u00fcr den Fall von w\u00e4hrend der logistischen T\u00e4tigkeit aus eventuellen Lieferfehlern entstandenen Schadensf\u00e4llen \u00fcber eine \u201eSpediteurhaftpflichtversicherung\u201c verf\u00fcgen, die durch hier Klicken eingesehen werden kann. <a href=\"#\">Hier klicken!<\/a>.<\/p>\n<p><strong>Schadens-\/Besch\u00e4digungsfrei-Index von 0,09%<\/strong><\/p>\n<p>&nbsp;<\/p>\n<\/div>\n<\/div><\/div><\/div><\/div><\/div>","protected":false},"excerpt":{"rendered":"<p>Seg\u00edt\u0151k\u00e9sz spedici\u00f3s csapatuk garant\u00e1lja a fuvarfeladatok gyors \u00e9s pontos lebonyol\u00edt\u00e1s\u00e1t, ig\u00e9ny szerint a sz\u00e1ll\u00edtm\u00e1nybiztos\u00edt\u00e1s teljes k\u00f6r\u0171 \u00fcgyint\u00e9z\u00e9s\u00e9vel. A megrendel\u00e9seket sz\u00e1ll\u00edtm\u00e1nyonk\u00e9nt egyedileg tartj\u00e1k nyilv\u00e1n v\u00e1llalatir\u00e1ny\u00edt\u00e1si rendszer\u00fckben. Ahol minden esetben nyomonk\u00f6vethet\u0151 \u00e9s visszakereshet\u0151 a sz\u00e1ll\u00edtm\u00e1ny teljes \u00e9let\u00fatja a megrendel\u00e9s visszaigazol\u00e1s\u00e1t\u00f3l annak lez\u00e1r\u00e1s\u00e1ig. &nbsp; Sped\u00edci\u00f3 Partnereik munk\u00e1j\u00e1t k\u00fcl\u00f6n szem\u00e9lyes kapcsolattart\u00f3 koll\u00e9g\u00e1val seg\u00edtik, ezzel garant\u00e1lva, hogy minden esetben a &hellip;<\/p>","protected":false},"author":2,"featured_media":1695,"parent":76,"menu_order":0,"comment_status":"closed","ping_status":"open","template":"","meta":{"ngg_post_thumbnail":0},"acf":[],"_links":{"self":[{"href":"http:\/\/www.gonczitrans.hu\/de\/wp-json\/wp\/v2\/pages\/95"}],"collection":[{"href":"http:\/\/www.gonczitrans.hu\/de\/wp-json\/wp\/v2\/pages"}],"about":[{"href":"http:\/\/www.gonczitrans.hu\/de\/wp-json\/wp\/v2\/types\/page"}],"author":[{"embeddable":true,"href":"http:\/\/www.gonczitrans.hu\/de\/wp-json\/wp\/v2\/users\/2"}],"replies":[{"embeddable":true,"href":"http:\/\/www.gonczitrans.hu\/de\/wp-json\/wp\/v2\/comments?post=95"}],"version-history":[{"count":68,"href":"http:\/\/www.gonczitrans.hu\/de\/wp-json\/wp\/v2\/pages\/95\/revisions"}],"predecessor-version":[{"id":1741,"href":"http:\/\/www.gonczitrans.hu\/de\/wp-json\/wp\/v2\/pages\/95\/revisions\/1741"}],"up":[{"embeddable":true,"href":"http:\/\/www.gonczitrans.hu\/de\/wp-json\/wp\/v2\/pages\/76"}],"wp:featuredmedia":[{"embeddable":true,"href":"http:\/\/www.gonczitrans.hu\/de\/wp-json\/wp\/v2\/media\/1695"}],"wp:attachment":[{"href":"http:\/\/www.gonczitrans.hu\/de\/wp-json\/wp\/v2\/media?parent=95"}],"curies":[{"name":"wp","href":"https:\/\/api.w.org\/{rel}","templated":true}]}}